{"id":1651,"date":"2024-07-12T15:27:57","date_gmt":"2024-07-12T13:27:57","guid":{"rendered":"http:\/\/www.corossol-graviola.com\/amby\/?post_type=product&#038;p=1651"},"modified":"2024-07-12T15:28:29","modified_gmt":"2024-07-12T13:28:29","slug":"patio-modele-ebene","status":"publish","type":"product","link":"http:\/\/www.corossol-graviola.com\/amby\/boutique\/patio-modele-ebene\/","title":{"rendered":"Patio mod\u00e8le Eb\u00e8ne"},"content":{"rendered":"\n<p>Tr\u00e8s esth\u00e9tique et peut \u00e9pouser la forme de votre bungalow,\nce patio s\u2019articule directement avec le mur du bungalow. <\/p>\n\n\n\n<ul class=\"wp-block-list\"><li>Il est fait avec de l\u2019aluminium, le toit fait\navec des lamelles fixes d\u2019aluminium. Une face est munie de deux rideaux.<\/li><li>Le sol est compos\u00e9 d\u2019une dalle en b\u00e9ton, d\u2019un\ncarrelage ou, d\u2019un parquet en pvc, ou en bois \u00e9tuv\u00e9<\/li><\/ul>\n","protected":false},"excerpt":{"rendered":"<p>Tr\u00e8s esth\u00e9tique et peut \u00e9pouser la forme de votre bungalow, ce patio s\u2019articule directement avec le mur du bungalow. Il est fait avec de l\u2019aluminium, le toit fait avec des lamelles fixes d\u2019aluminium. Une face est munie de deux rideaux. Le sol est compos\u00e9 d\u2019une dalle en b\u00e9ton, d\u2019un carrelage ou, d\u2019un parquet en pvc, [&hellip;]<\/p>\n","protected":false},"featured_media":1638,"comment_status":"open","ping_status":"closed","template":"","meta":[],"product_brand":[],"product_cat":[61],"product_tag":[],"class_list":{"0":"post-1651","1":"product","2":"type-product","3":"status-publish","4":"has-post-thumbnail","6":"product_cat-patio","8":"first","9":"instock","10":"shipping-taxable","11":"product-type-simple"},"_links":{"self":[{"href":"http:\/\/www.corossol-graviola.com\/amby\/wp-json\/wp\/v2\/product\/1651","targetHints":{"allow":["GET"]}}],"collection":[{"href":"http:\/\/www.corossol-graviola.com\/amby\/wp-json\/wp\/v2\/product"}],"about":[{"href":"http:\/\/www.corossol-graviola.com\/amby\/wp-json\/wp\/v2\/types\/product"}],"replies":[{"embeddable":true,"href":"http:\/\/www.corossol-graviola.com\/amby\/wp-json\/wp\/v2\/comments?post=1651"}],"wp:featuredmedia":[{"embeddable":true,"href":"http:\/\/www.corossol-graviola.com\/amby\/wp-json\/wp\/v2\/media\/1638"}],"wp:attachment":[{"href":"http:\/\/www.corossol-graviola.com\/amby\/wp-json\/wp\/v2\/media?parent=1651"}],"wp:term":[{"taxonomy":"product_brand","embeddable":true,"href":"http:\/\/www.corossol-graviola.com\/amby\/wp-json\/wp\/v2\/product_brand?post=1651"},{"taxonomy":"product_cat","embeddable":true,"href":"http:\/\/www.corossol-graviola.com\/amby\/wp-json\/wp\/v2\/product_cat?post=1651"},{"taxonomy":"product_tag","embeddable":true,"href":"http:\/\/www.corossol-graviola.com\/amby\/wp-json\/wp\/v2\/product_tag?post=1651"}],"curies":[{"name":"wp","href":"https:\/\/api.w.org\/{rel}","templated":true}]}}