{"id":1650,"date":"2024-07-12T15:26:26","date_gmt":"2024-07-12T13:26:26","guid":{"rendered":"http:\/\/www.corossol-graviola.com\/amby\/?post_type=product&#038;p=1650"},"modified":"2024-07-12T15:28:29","modified_gmt":"2024-07-12T13:28:29","slug":"patio-modele-pervenche","status":"publish","type":"product","link":"http:\/\/www.corossol-graviola.com\/amby\/boutique\/patio-modele-pervenche\/","title":{"rendered":"Patio mod\u00e8le Pervenche"},"content":{"rendered":"\n<p>Sans toit, ce patio est compos\u00e9 d\u2019une cl\u00f4ture, un bac \u00e0\nfleur longeant le mur de la cl\u00f4ture, et un barbecue suivant le mod\u00e8le d\u00e9sir\u00e9. <\/p>\n\n\n\n<ul class=\"wp-block-list\"><li>La cl\u00f4ture est faite avec une marqueterie de pierres de Mantasoa et a une hauteur de 1,20 m.<\/li><li>Le bac \u00e0 fleur est compos\u00e9 d\u2019un muret de 0.40 m de hauteur et sa largeur est de 0.80 \u00e0 1 m. Elle recevra une marqueterie de pierres de Mantasoa sur ses fa\u00e7ades et sur le haut du muret.<\/li><li>  Le sol est compos\u00e9 d\u2019une dalle en b\u00e9ton et d\u2019un pav\u00e9 en pierre de Mantasoa.  <\/li><\/ul>\n\n\n\n<p><\/p>\n","protected":false},"excerpt":{"rendered":"<p>Sans toit, ce patio est compos\u00e9 d\u2019une cl\u00f4ture, un bac \u00e0 fleur longeant le mur de la cl\u00f4ture, et un barbecue suivant le mod\u00e8le d\u00e9sir\u00e9. La cl\u00f4ture est faite avec une marqueterie de pierres de Mantasoa et a une hauteur de 1,20 m. Le bac \u00e0 fleur est compos\u00e9 d\u2019un muret de 0.40 m de [&hellip;]<\/p>\n","protected":false},"featured_media":1637,"comment_status":"open","ping_status":"closed","template":"","meta":[],"product_brand":[],"product_cat":[61],"product_tag":[],"class_list":{"0":"post-1650","1":"product","2":"type-product","3":"status-publish","4":"has-post-thumbnail","6":"product_cat-patio","8":"first","9":"instock","10":"shipping-taxable","11":"product-type-simple"},"_links":{"self":[{"href":"http:\/\/www.corossol-graviola.com\/amby\/wp-json\/wp\/v2\/product\/1650","targetHints":{"allow":["GET"]}}],"collection":[{"href":"http:\/\/www.corossol-graviola.com\/amby\/wp-json\/wp\/v2\/product"}],"about":[{"href":"http:\/\/www.corossol-graviola.com\/amby\/wp-json\/wp\/v2\/types\/product"}],"replies":[{"embeddable":true,"href":"http:\/\/www.corossol-graviola.com\/amby\/wp-json\/wp\/v2\/comments?post=1650"}],"wp:featuredmedia":[{"embeddable":true,"href":"http:\/\/www.corossol-graviola.com\/amby\/wp-json\/wp\/v2\/media\/1637"}],"wp:attachment":[{"href":"http:\/\/www.corossol-graviola.com\/amby\/wp-json\/wp\/v2\/media?parent=1650"}],"wp:term":[{"taxonomy":"product_brand","embeddable":true,"href":"http:\/\/www.corossol-graviola.com\/amby\/wp-json\/wp\/v2\/product_brand?post=1650"},{"taxonomy":"product_cat","embeddable":true,"href":"http:\/\/www.corossol-graviola.com\/amby\/wp-json\/wp\/v2\/product_cat?post=1650"},{"taxonomy":"product_tag","embeddable":true,"href":"http:\/\/www.corossol-graviola.com\/amby\/wp-json\/wp\/v2\/product_tag?post=1650"}],"curies":[{"name":"wp","href":"https:\/\/api.w.org\/{rel}","templated":true}]}}