{"id":1649,"date":"2024-07-12T15:24:55","date_gmt":"2024-07-12T13:24:55","guid":{"rendered":"http:\/\/www.corossol-graviola.com\/amby\/?post_type=product&#038;p=1649"},"modified":"2024-07-12T15:28:29","modified_gmt":"2024-07-12T13:28:29","slug":"patio-modele-nato","status":"publish","type":"product","link":"http:\/\/www.corossol-graviola.com\/amby\/boutique\/patio-modele-nato\/","title":{"rendered":"Patio mod\u00e8le Nato"},"content":{"rendered":"\n<p>Patio \u00e0 structure ouverte, sans toit avec une ossature galvanis\u00e9e et b\u00e9tonn\u00e9e, les lamelles du parquet sont faites avec des bois \u00e9tuv\u00e9s ou en pvc.  Elle est munie d\u2019un garde-corps en aluminium, de hauteur 1 m. <\/p>\n\n\n\n<p><\/p>\n","protected":false},"excerpt":{"rendered":"<p>Patio \u00e0 structure ouverte, sans toit avec une ossature galvanis\u00e9e et b\u00e9tonn\u00e9e, les lamelles du parquet sont faites avec des bois \u00e9tuv\u00e9s ou en pvc. Elle est munie d\u2019un garde-corps en aluminium, de hauteur 1 m.<\/p>\n","protected":false},"featured_media":1636,"comment_status":"open","ping_status":"closed","template":"","meta":[],"product_brand":[],"product_cat":[61],"product_tag":[],"class_list":{"0":"post-1649","1":"product","2":"type-product","3":"status-publish","4":"has-post-thumbnail","6":"product_cat-patio","8":"first","9":"instock","10":"shipping-taxable","11":"product-type-simple"},"_links":{"self":[{"href":"http:\/\/www.corossol-graviola.com\/amby\/wp-json\/wp\/v2\/product\/1649","targetHints":{"allow":["GET"]}}],"collection":[{"href":"http:\/\/www.corossol-graviola.com\/amby\/wp-json\/wp\/v2\/product"}],"about":[{"href":"http:\/\/www.corossol-graviola.com\/amby\/wp-json\/wp\/v2\/types\/product"}],"replies":[{"embeddable":true,"href":"http:\/\/www.corossol-graviola.com\/amby\/wp-json\/wp\/v2\/comments?post=1649"}],"wp:featuredmedia":[{"embeddable":true,"href":"http:\/\/www.corossol-graviola.com\/amby\/wp-json\/wp\/v2\/media\/1636"}],"wp:attachment":[{"href":"http:\/\/www.corossol-graviola.com\/amby\/wp-json\/wp\/v2\/media?parent=1649"}],"wp:term":[{"taxonomy":"product_brand","embeddable":true,"href":"http:\/\/www.corossol-graviola.com\/amby\/wp-json\/wp\/v2\/product_brand?post=1649"},{"taxonomy":"product_cat","embeddable":true,"href":"http:\/\/www.corossol-graviola.com\/amby\/wp-json\/wp\/v2\/product_cat?post=1649"},{"taxonomy":"product_tag","embeddable":true,"href":"http:\/\/www.corossol-graviola.com\/amby\/wp-json\/wp\/v2\/product_tag?post=1649"}],"curies":[{"name":"wp","href":"https:\/\/api.w.org\/{rel}","templated":true}]}}