{"id":1646,"date":"2024-07-12T15:21:23","date_gmt":"2024-07-12T13:21:23","guid":{"rendered":"http:\/\/www.corossol-graviola.com\/amby\/?post_type=product&#038;p=1646"},"modified":"2024-07-12T15:28:29","modified_gmt":"2024-07-12T13:28:29","slug":"patio-modele-niaouli","status":"publish","type":"product","link":"http:\/\/www.corossol-graviola.com\/amby\/boutique\/patio-modele-niaouli\/","title":{"rendered":"Patio mod\u00e8le Niaouli"},"content":{"rendered":"\n<p>Fait avec une structure de bois \u00e9tuv\u00e9, de dimensions\nvariables suivant votre besoin, l\u2019ossature est de 20 x 20 cm, les lamelles du\ntoit font 2 m x 0.15 m et sont fixes. <\/p>\n\n\n\n<ul class=\"wp-block-list\"><li>Sa taille standard est de 3 m x 2 m mais variable suivant votre besoin et l\u2019espace disponible, la couleur est au choix, bois naturel ou gris fonc\u00e9.<\/li><li>  Le sol est en carrelage, b\u00e9ton, pierres naturelles ou bois \u00e9tuv\u00e9.  <\/li><\/ul>\n\n\n\n<p><\/p>\n","protected":false},"excerpt":{"rendered":"<p>Fait avec une structure de bois \u00e9tuv\u00e9, de dimensions variables suivant votre besoin, l\u2019ossature est de 20 x 20 cm, les lamelles du toit font 2 m x 0.15 m et sont fixes. Sa taille standard est de 3 m x 2 m mais variable suivant votre besoin et l\u2019espace disponible, la couleur est au [&hellip;]<\/p>\n","protected":false},"featured_media":1633,"comment_status":"open","ping_status":"closed","template":"","meta":[],"product_brand":[],"product_cat":[61],"product_tag":[],"class_list":{"0":"post-1646","1":"product","2":"type-product","3":"status-publish","4":"has-post-thumbnail","6":"product_cat-patio","8":"first","9":"instock","10":"shipping-taxable","11":"product-type-simple"},"_links":{"self":[{"href":"http:\/\/www.corossol-graviola.com\/amby\/wp-json\/wp\/v2\/product\/1646","targetHints":{"allow":["GET"]}}],"collection":[{"href":"http:\/\/www.corossol-graviola.com\/amby\/wp-json\/wp\/v2\/product"}],"about":[{"href":"http:\/\/www.corossol-graviola.com\/amby\/wp-json\/wp\/v2\/types\/product"}],"replies":[{"embeddable":true,"href":"http:\/\/www.corossol-graviola.com\/amby\/wp-json\/wp\/v2\/comments?post=1646"}],"wp:featuredmedia":[{"embeddable":true,"href":"http:\/\/www.corossol-graviola.com\/amby\/wp-json\/wp\/v2\/media\/1633"}],"wp:attachment":[{"href":"http:\/\/www.corossol-graviola.com\/amby\/wp-json\/wp\/v2\/media?parent=1646"}],"wp:term":[{"taxonomy":"product_brand","embeddable":true,"href":"http:\/\/www.corossol-graviola.com\/amby\/wp-json\/wp\/v2\/product_brand?post=1646"},{"taxonomy":"product_cat","embeddable":true,"href":"http:\/\/www.corossol-graviola.com\/amby\/wp-json\/wp\/v2\/product_cat?post=1646"},{"taxonomy":"product_tag","embeddable":true,"href":"http:\/\/www.corossol-graviola.com\/amby\/wp-json\/wp\/v2\/product_tag?post=1646"}],"curies":[{"name":"wp","href":"https:\/\/api.w.org\/{rel}","templated":true}]}}