{"id":1623,"date":"2024-07-12T09:26:03","date_gmt":"2024-07-12T07:26:03","guid":{"rendered":"http:\/\/www.corossol-graviola.com\/amby\/?post_type=product&#038;p=1623"},"modified":"2024-07-12T09:27:45","modified_gmt":"2024-07-12T07:27:45","slug":"allee-en-fer-plat-a-interstice-gazonnee","status":"publish","type":"product","link":"http:\/\/www.corossol-graviola.com\/amby\/boutique\/allee-en-fer-plat-a-interstice-gazonnee\/","title":{"rendered":"All\u00e9e en fer plat \u00e0 interstice gazonn\u00e9e,"},"content":{"rendered":"\n<p>Largeur 1,20 m &#8211; prix en m2<\/p>\n","protected":false},"excerpt":{"rendered":"<p>Largeur 1,20 m &#8211; prix en m2<\/p>\n","protected":false},"featured_media":1622,"comment_status":"open","ping_status":"closed","template":"","meta":[],"product_brand":[],"product_cat":[58],"product_tag":[],"class_list":{"0":"post-1623","1":"product","2":"type-product","3":"status-publish","4":"has-post-thumbnail","6":"product_cat-allee","8":"first","9":"instock","10":"shipping-taxable","11":"purchasable","12":"product-type-simple"},"_links":{"self":[{"href":"http:\/\/www.corossol-graviola.com\/amby\/wp-json\/wp\/v2\/product\/1623","targetHints":{"allow":["GET"]}}],"collection":[{"href":"http:\/\/www.corossol-graviola.com\/amby\/wp-json\/wp\/v2\/product"}],"about":[{"href":"http:\/\/www.corossol-graviola.com\/amby\/wp-json\/wp\/v2\/types\/product"}],"replies":[{"embeddable":true,"href":"http:\/\/www.corossol-graviola.com\/amby\/wp-json\/wp\/v2\/comments?post=1623"}],"wp:featuredmedia":[{"embeddable":true,"href":"http:\/\/www.corossol-graviola.com\/amby\/wp-json\/wp\/v2\/media\/1622"}],"wp:attachment":[{"href":"http:\/\/www.corossol-graviola.com\/amby\/wp-json\/wp\/v2\/media?parent=1623"}],"wp:term":[{"taxonomy":"product_brand","embeddable":true,"href":"http:\/\/www.corossol-graviola.com\/amby\/wp-json\/wp\/v2\/product_brand?post=1623"},{"taxonomy":"product_cat","embeddable":true,"href":"http:\/\/www.corossol-graviola.com\/amby\/wp-json\/wp\/v2\/product_cat?post=1623"},{"taxonomy":"product_tag","embeddable":true,"href":"http:\/\/www.corossol-graviola.com\/amby\/wp-json\/wp\/v2\/product_tag?post=1623"}],"curies":[{"name":"wp","href":"https:\/\/api.w.org\/{rel}","templated":true}]}}