{"id":1479,"date":"2024-06-24T15:38:34","date_gmt":"2024-06-24T13:38:34","guid":{"rendered":"http:\/\/www.corossol-graviola.com\/amby\/?post_type=product&#038;p=1479"},"modified":"2024-07-12T08:45:53","modified_gmt":"2024-07-12T06:45:53","slug":"douche-exterieure-en-bois-et-briques","status":"publish","type":"product","link":"http:\/\/www.corossol-graviola.com\/amby\/boutique\/douche-exterieure-en-bois-et-briques\/","title":{"rendered":"Douche ext\u00e9rieure en bois et mur ext\u00e9rieur en briques courb\u00e9es &#8211; mod\u00e8le roots"},"content":{"rendered":"\n<p> Longueur 1,50 m x largeur 1,50 m x Hauteur 1.70 m  &#8211; Mur en brique en 11 cm<\/p>\n","protected":false},"excerpt":{"rendered":"<p>Longueur 1,50 m x largeur 1,50 m x Hauteur 1.70 m &#8211; Mur en brique en 11 cm<\/p>\n","protected":false},"featured_media":1614,"comment_status":"open","ping_status":"closed","template":"","meta":[],"product_brand":[],"product_cat":[57],"product_tag":[],"class_list":{"0":"post-1479","1":"product","2":"type-product","3":"status-publish","4":"has-post-thumbnail","6":"product_cat-douche-2","8":"first","9":"instock","10":"shipping-taxable","11":"purchasable","12":"product-type-simple"},"_links":{"self":[{"href":"http:\/\/www.corossol-graviola.com\/amby\/wp-json\/wp\/v2\/product\/1479","targetHints":{"allow":["GET"]}}],"collection":[{"href":"http:\/\/www.corossol-graviola.com\/amby\/wp-json\/wp\/v2\/product"}],"about":[{"href":"http:\/\/www.corossol-graviola.com\/amby\/wp-json\/wp\/v2\/types\/product"}],"replies":[{"embeddable":true,"href":"http:\/\/www.corossol-graviola.com\/amby\/wp-json\/wp\/v2\/comments?post=1479"}],"wp:featuredmedia":[{"embeddable":true,"href":"http:\/\/www.corossol-graviola.com\/amby\/wp-json\/wp\/v2\/media\/1614"}],"wp:attachment":[{"href":"http:\/\/www.corossol-graviola.com\/amby\/wp-json\/wp\/v2\/media?parent=1479"}],"wp:term":[{"taxonomy":"product_brand","embeddable":true,"href":"http:\/\/www.corossol-graviola.com\/amby\/wp-json\/wp\/v2\/product_brand?post=1479"},{"taxonomy":"product_cat","embeddable":true,"href":"http:\/\/www.corossol-graviola.com\/amby\/wp-json\/wp\/v2\/product_cat?post=1479"},{"taxonomy":"product_tag","embeddable":true,"href":"http:\/\/www.corossol-graviola.com\/amby\/wp-json\/wp\/v2\/product_tag?post=1479"}],"curies":[{"name":"wp","href":"https:\/\/api.w.org\/{rel}","templated":true}]}}