{"id":1303,"date":"2024-05-23T15:32:29","date_gmt":"2024-05-23T13:32:29","guid":{"rendered":"http:\/\/www.corossol-graviola.com\/amby\/?post_type=product&#038;p=1303"},"modified":"2024-05-23T15:36:50","modified_gmt":"2024-05-23T13:36:50","slug":"terrain-lot-n-11-300-m2","status":"publish","type":"product","link":"http:\/\/www.corossol-graviola.com\/amby\/boutique\/terrain-lot-n-11-300-m2\/","title":{"rendered":"Terrain Lot N\u00b0 11, 300 m2"},"content":{"rendered":"\n<p> Au milieu de la propri\u00e9t\u00e9 et c\u00f4t\u00e9 sud, de surface 300 m2, il a une vue \u00e0 la fois cot\u00e9 Canal de Pangalanes et cot\u00e9 mer. De coordonn\u00e9es GPS 18.87399 et 49.14<\/p>\n","protected":false},"excerpt":{"rendered":"<p><img loading=\"lazy\" decoding=\"async\" class=\"alignnone size-medium wp-image-853\" src=\"http:\/\/www.corossol-graviola.com\/amby\/wp-content\/uploads\/2023\/11\/SPINA-3-300x136.jpg\" alt=\"\" width=\"300\" height=\"136\" srcset=\"http:\/\/www.corossol-graviola.com\/amby\/wp-content\/uploads\/2023\/11\/SPINA-3-300x136.jpg 300w, http:\/\/www.corossol-graviola.com\/amby\/wp-content\/uploads\/2023\/11\/SPINA-3-768x347.jpg 768w, http:\/\/www.corossol-graviola.com\/amby\/wp-content\/uploads\/2023\/11\/SPINA-3-600x271.jpg 600w, http:\/\/www.corossol-graviola.com\/amby\/wp-content\/uploads\/2023\/11\/SPINA-3.jpg 1000w\" sizes=\"auto, (max-width: 300px) 100vw, 300px\" \/><\/p>\n","protected":false},"featured_media":853,"comment_status":"open","ping_status":"closed","template":"","meta":[],"product_brand":[],"product_cat":[53],"product_tag":[],"class_list":{"0":"post-1303","1":"product","2":"type-product","3":"status-publish","4":"has-post-thumbnail","6":"product_cat-terrain","8":"first","9":"instock","10":"sold-individually","11":"shipping-taxable","12":"purchasable","13":"product-type-simple"},"_links":{"self":[{"href":"http:\/\/www.corossol-graviola.com\/amby\/wp-json\/wp\/v2\/product\/1303","targetHints":{"allow":["GET"]}}],"collection":[{"href":"http:\/\/www.corossol-graviola.com\/amby\/wp-json\/wp\/v2\/product"}],"about":[{"href":"http:\/\/www.corossol-graviola.com\/amby\/wp-json\/wp\/v2\/types\/product"}],"replies":[{"embeddable":true,"href":"http:\/\/www.corossol-graviola.com\/amby\/wp-json\/wp\/v2\/comments?post=1303"}],"wp:featuredmedia":[{"embeddable":true,"href":"http:\/\/www.corossol-graviola.com\/amby\/wp-json\/wp\/v2\/media\/853"}],"wp:attachment":[{"href":"http:\/\/www.corossol-graviola.com\/amby\/wp-json\/wp\/v2\/media?parent=1303"}],"wp:term":[{"taxonomy":"product_brand","embeddable":true,"href":"http:\/\/www.corossol-graviola.com\/amby\/wp-json\/wp\/v2\/product_brand?post=1303"},{"taxonomy":"product_cat","embeddable":true,"href":"http:\/\/www.corossol-graviola.com\/amby\/wp-json\/wp\/v2\/product_cat?post=1303"},{"taxonomy":"product_tag","embeddable":true,"href":"http:\/\/www.corossol-graviola.com\/amby\/wp-json\/wp\/v2\/product_tag?post=1303"}],"curies":[{"name":"wp","href":"https:\/\/api.w.org\/{rel}","templated":true}]}}