{"id":669,"date":"2023-07-26T06:02:06","date_gmt":"2023-07-26T06:02:06","guid":{"rendered":"http:\/\/www.corossol-graviola.com\/amby\/?page_id=669"},"modified":"2025-02-11T08:10:37","modified_gmt":"2025-02-11T06:10:37","slug":"zanzibar","status":"publish","type":"page","link":"http:\/\/www.corossol-graviola.com\/amby\/zanzibar\/","title":{"rendered":"Zanzibar"},"content":{"rendered":"<p>[et_pb_section fb_built=\u00a0\u00bb1&Prime; _builder_version=\u00a0\u00bb3.11&Prime; background_image=\u00a0\u00bbhttp:\/\/www.corossol-graviola.com\/amby\/wp-content\/uploads\/2023\/07\/ZANZIBAR-FACADE-PRINCIPALE-1.png\u00a0\u00bb background_blend=\u00a0\u00bbdarken\u00a0\u00bb custom_padding=\u00a0\u00bb639px|0px|0|0px|false|false\u00a0\u00bb][et_pb_row custom_padding=\u00a0\u00bb0|0px|0|0px|false|false\u00a0\u00bb _builder_version=\u00a0\u00bb3.11&Prime; background_color=\u00a0\u00bbrgba(5,5,5,0.45)\u00a0\u00bb][et_pb_column type=\u00a0\u00bb4_4&Prime; _builder_version=\u00a0\u00bb3.11&Prime; parallax=\u00a0\u00bboff\u00a0\u00bb parallax_method=\u00a0\u00bbon\u00a0\u00bb][et_pb_text _builder_version=\u00a0\u00bb3.11&Prime; header_font=\u00a0\u00bbAllura||||||||\u00a0\u00bb header_text_align=\u00a0\u00bbcenter\u00a0\u00bb header_text_color=\u00a0\u00bb#FFFFFF\u00a0\u00bb header_font_size=\u00a0\u00bb60px\u00a0\u00bb]<\/p>\n<h1>Zanzibar R\u00e9sidence<\/h1>\n<p>[\/et_pb_text][\/et_pb_column][\/et_pb_row][\/et_pb_section][et_pb_section fb_built=\u00a0\u00bb1&Prime; _builder_version=\u00a0\u00bb3.11&Prime; custom_padding=\u00a0\u00bb0|0px|0|0px|false|false\u00a0\u00bb][et_pb_row custom_width_px=\u00a0\u00bb1203px\u00a0\u00bb custom_padding=\u00a0\u00bb25.25px|0px|8px|0px|false|false\u00a0\u00bb _builder_version=\u00a0\u00bb3.11&Prime; module_alignment=\u00a0\u00bbcenter\u00a0\u00bb][et_pb_column type=\u00a0\u00bb1_2&Prime; _builder_version=\u00a0\u00bb3.11&Prime; parallax=\u00a0\u00bboff\u00a0\u00bb parallax_method=\u00a0\u00bbon\u00a0\u00bb][et_pb_image src=\u00a0\u00bbhttp:\/\/www.corossol-graviola.com\/amby\/wp-content\/uploads\/2023\/07\/ZANZIBAR-FACADE-PRINCIPALE-LATERALE-DROITE-1.png\u00a0\u00bb admin_label=\u00a0\u00bbVue au salon\u00a0\u00bb _builder_version=\u00a0\u00bb3.11&Prime;][\/et_pb_image][\/et_pb_column][et_pb_column type=\u00a0\u00bb1_2&Prime; _builder_version=\u00a0\u00bb3.11&Prime; parallax=\u00a0\u00bboff\u00a0\u00bb parallax_method=\u00a0\u00bbon\u00a0\u00bb][et_pb_text _builder_version=\u00a0\u00bb3.11&Prime; text_font=\u00a0\u00bb||||||||\u00a0\u00bb header_font=\u00a0\u00bb||||||||\u00a0\u00bb header_font_size=\u00a0\u00bb58px\u00a0\u00bb header_6_font=\u00a0\u00bb||||||||\u00a0\u00bb]<strong>Zanzibar R\u00e9sidence<\/strong>[\/et_pb_text][et_pb_text _builder_version=\u00a0\u00bb3.11&Prime; text_font=\u00a0\u00bb||||||||\u00a0\u00bb link_font=\u00a0\u00bb||||||||\u00a0\u00bb ul_font=\u00a0\u00bb||||||||\u00a0\u00bb ol_font=\u00a0\u00bb||||||||\u00a0\u00bb quote_font=\u00a0\u00bb||||||||\u00a0\u00bb header_font=\u00a0\u00bb||||||||\u00a0\u00bb header_2_font=\u00a0\u00bb||||||||\u00a0\u00bb header_3_font=\u00a0\u00bb||||||||\u00a0\u00bb header_4_font=\u00a0\u00bb||||||||\u00a0\u00bb header_5_font=\u00a0\u00bb||||||||\u00a0\u00bb header_6_font=\u00a0\u00bb||||||||\u00a0\u00bb]La r\u00e9sidence baln\u00e9aire Zanzibar est une composition de chambres \u00e9l\u00e9gantes, avec plage et jardin naturels\u00a0 luxueux, con\u00e7ue pour r\u00e9pondre aux besoins des client\u00e8les les plus exigeantes. Chaque pi\u00e8ce est dot\u00e9e de commodit\u00e9s modernes, offre un espace de vie spacieux, vous permettant de vous d\u00e9tendre dans un cadre confortable et sobre.<\/p>\n<p>En option, la Zanzibar r\u00e9sidence peut \u00eatre dot\u00e9e\u00a0 d\u2019une piscine, d\u2019une terrasse entour\u00e9e de jardins tropicaux luxuriants, d\u2019une terrasse, d\u2019un coin barbecue \u00a0ou profiter d&rsquo;un massage relaxant au spa.[\/et_pb_text][\/et_pb_column][\/et_pb_row][et_pb_row custom_padding=\u00a0\u00bb2px|0px|0|0px|false|false\u00a0\u00bb _builder_version=\u00a0\u00bb3.11&Prime;][et_pb_column type=\u00a0\u00bb4_4&Prime; _builder_version=\u00a0\u00bb3.11&Prime; parallax=\u00a0\u00bboff\u00a0\u00bb parallax_method=\u00a0\u00bbon\u00a0\u00bb][et_pb_text _builder_version=\u00a0\u00bb3.11&Prime;][\/et_pb_text][\/et_pb_column][\/et_pb_row][\/et_pb_section][et_pb_section fb_built=\u00a0\u00bb1&Prime; admin_label=\u00a0\u00bbVue au salon\u00a0\u00bb _builder_version=\u00a0\u00bb3.11&Prime; custom_padding=\u00a0\u00bb2px|0px|0|0px|false|false\u00a0\u00bb][et_pb_row custom_padding=\u00a0\u00bb2px|0px|0|0px|false|false\u00a0\u00bb _builder_version=\u00a0\u00bb3.11&Prime;][et_pb_column type=\u00a0\u00bb1_2&Prime; _builder_version=\u00a0\u00bb3.11&Prime; parallax=\u00a0\u00bboff\u00a0\u00bb parallax_method=\u00a0\u00bbon\u00a0\u00bb][et_pb_image src=\u00a0\u00bbhttp:\/\/www.corossol-graviola.com\/amby\/wp-content\/uploads\/2023\/07\/ZANZIBAR-SALON-VUE-3.png\u00a0\u00bb _builder_version=\u00a0\u00bb3.11&Prime;][\/et_pb_image][et_pb_text _builder_version=\u00a0\u00bb3.11&Prime;]<\/p>\n<p style=\"text-align: center;\"><strong>Vue sur Salon<\/strong><\/p>\n<p>[\/et_pb_text][\/et_pb_column][et_pb_column type=\u00a0\u00bb1_2&Prime; _builder_version=\u00a0\u00bb3.11&Prime; parallax=\u00a0\u00bboff\u00a0\u00bb parallax_method=\u00a0\u00bbon\u00a0\u00bb][et_pb_image src=\u00a0\u00bbhttp:\/\/www.corossol-graviola.com\/amby\/wp-content\/uploads\/2023\/07\/ZANZIBAR-SALON-VUE-2.png\u00a0\u00bb _builder_version=\u00a0\u00bb3.11&Prime;][\/et_pb_image][et_pb_text _builder_version=\u00a0\u00bb3.11&Prime;]<\/p>\n<p style=\"text-align: center;\"><strong>Vue sur salon<\/strong><\/p>\n<p>[\/et_pb_text][\/et_pb_column][\/et_pb_row][\/et_pb_section][et_pb_section fb_built=\u00a0\u00bb1&Prime; admin_label=\u00a0\u00bbVue au salon\u00a0\u00bb _builder_version=\u00a0\u00bb3.11&Prime; custom_padding=\u00a0\u00bb2px|0px|0|0px|false|false\u00a0\u00bb][et_pb_row custom_padding=\u00a0\u00bb2px|0px|0|0px|false|false\u00a0\u00bb _builder_version=\u00a0\u00bb3.11&Prime;][et_pb_column type=\u00a0\u00bb1_2&Prime; _builder_version=\u00a0\u00bb3.11&Prime; parallax=\u00a0\u00bboff\u00a0\u00bb parallax_method=\u00a0\u00bbon\u00a0\u00bb][et_pb_text _builder_version=\u00a0\u00bb3.11&Prime; background_image=\u00a0\u00bbhttp:\/\/www.corossol-graviola.com\/amby\/wp-content\/uploads\/2023\/07\/ZANZIBAR-CHAMBRE2-VUE-2.png\u00a0\u00bb custom_padding=\u00a0\u00bb270px|||\u00a0\u00bb][\/et_pb_text][et_pb_text _builder_version=\u00a0\u00bb3.11&Prime;]<\/p>\n<p style=\"text-align: center;\"><strong>S\u00e9jour chambre<\/strong><\/p>\n<p>[\/et_pb_text][\/et_pb_column][et_pb_column type=\u00a0\u00bb1_2&Prime; _builder_version=\u00a0\u00bb3.11&Prime; parallax=\u00a0\u00bboff\u00a0\u00bb parallax_method=\u00a0\u00bbon\u00a0\u00bb][et_pb_image src=\u00a0\u00bbhttp:\/\/www.corossol-graviola.com\/amby\/wp-content\/uploads\/2023\/07\/ZANZIBAR-SAM-ET-CUIS-VUE-1.png\u00a0\u00bb _builder_version=\u00a0\u00bb3.11&Prime;][\/et_pb_image][et_pb_text _builder_version=\u00a0\u00bb3.11&Prime;]<\/p>\n<p style=\"text-align: center;\"><strong>Vue cuisine<\/strong><\/p>\n<p>[\/et_pb_text][\/et_pb_column][\/et_pb_row][\/et_pb_section][et_pb_section fb_built=\u00a0\u00bb1&Prime; admin_label=\u00a0\u00bbVue au salon\u00a0\u00bb _builder_version=\u00a0\u00bb3.11&Prime; custom_padding=\u00a0\u00bb2px|0px|0|0px|false|false\u00a0\u00bb][et_pb_row custom_padding=\u00a0\u00bb2px|0px|0|0px|false|false\u00a0\u00bb _builder_version=\u00a0\u00bb3.11&Prime;][et_pb_column type=\u00a0\u00bb1_2&Prime; _builder_version=\u00a0\u00bb3.11&Prime; parallax=\u00a0\u00bboff\u00a0\u00bb parallax_method=\u00a0\u00bbon\u00a0\u00bb][et_pb_image src=\u00a0\u00bbhttp:\/\/www.corossol-graviola.com\/amby\/wp-content\/uploads\/2023\/07\/ZANZIBAR-VUE-SUR-MER-DETAILS-2.png\u00a0\u00bb _builder_version=\u00a0\u00bb3.11&Prime;][\/et_pb_image][et_pb_text _builder_version=\u00a0\u00bb3.11&Prime;]<\/p>\n<p style=\"text-align: center;\"><strong>Vue salle \u00e0 manger<\/strong><\/p>\n<p>[\/et_pb_text][\/et_pb_column][et_pb_column type=\u00a0\u00bb1_2&Prime; _builder_version=\u00a0\u00bb3.11&Prime; parallax=\u00a0\u00bboff\u00a0\u00bb parallax_method=\u00a0\u00bbon\u00a0\u00bb][et_pb_image src=\u00a0\u00bbhttp:\/\/www.corossol-graviola.com\/amby\/wp-content\/uploads\/2023\/07\/ZANZIBAR-CUIS-VUE-1.png\u00a0\u00bb _builder_version=\u00a0\u00bb3.11&Prime;][\/et_pb_image][et_pb_text _builder_version=\u00a0\u00bb3.11&Prime;]<\/p>\n<p style=\"text-align: center;\"><strong>Vue cuisine<\/strong><\/p>\n<p>[\/et_pb_text][\/et_pb_column][\/et_pb_row][\/et_pb_section][et_pb_section fb_built=\u00a0\u00bb1&Prime; admin_label=\u00a0\u00bbVue au salon\u00a0\u00bb _builder_version=\u00a0\u00bb3.11&Prime; custom_padding=\u00a0\u00bb2px|0px|0|0px|false|false\u00a0\u00bb][et_pb_row custom_padding=\u00a0\u00bb2px|0px|0|0px|false|false\u00a0\u00bb _builder_version=\u00a0\u00bb3.11&Prime;][et_pb_column type=\u00a0\u00bb1_2&Prime; _builder_version=\u00a0\u00bb3.11&Prime; parallax=\u00a0\u00bboff\u00a0\u00bb parallax_method=\u00a0\u00bbon\u00a0\u00bb][et_pb_image src=\u00a0\u00bbhttp:\/\/www.corossol-graviola.com\/amby\/wp-content\/uploads\/2023\/07\/ZANZIBAR-SALON-VUE-4.png\u00a0\u00bb _builder_version=\u00a0\u00bb3.11&Prime;][\/et_pb_image][et_pb_text _builder_version=\u00a0\u00bb3.11&Prime;]<\/p>\n<p style=\"text-align: center;\"><strong>Vue salon c\u00f4t\u00e9 salle \u00e0 manger<\/strong><\/p>\n<p>[\/et_pb_text][\/et_pb_column][et_pb_column type=\u00a0\u00bb1_2&Prime; _builder_version=\u00a0\u00bb3.11&Prime; parallax=\u00a0\u00bboff\u00a0\u00bb parallax_method=\u00a0\u00bbon\u00a0\u00bb][et_pb_image src=\u00a0\u00bbhttp:\/\/www.corossol-graviola.com\/amby\/wp-content\/uploads\/2023\/07\/ZANZIBAR-PROFIL-5-COTE-PANGALANE.png\u00a0\u00bb _builder_version=\u00a0\u00bb3.11&Prime;][\/et_pb_image][et_pb_text _builder_version=\u00a0\u00bb3.11&Prime;]<\/p>\n<p style=\"text-align: center;\"><strong>\u00a0Vue post\u00e9rieure<\/strong><\/p>\n<p>[\/et_pb_text][\/et_pb_column][\/et_pb_row][\/et_pb_section][et_pb_section fb_built=\u00a0\u00bb1&Prime; admin_label=\u00a0\u00bbVue au salon\u00a0\u00bb _builder_version=\u00a0\u00bb3.11&Prime; custom_padding=\u00a0\u00bb2px|0|0|0px|false|false\u00a0\u00bb][et_pb_row custom_padding=\u00a0\u00bb2px|0px|0|0px|false|false\u00a0\u00bb _builder_version=\u00a0\u00bb3.11&Prime;][et_pb_column type=\u00a0\u00bb1_2&Prime; _builder_version=\u00a0\u00bb3.11&Prime; parallax=\u00a0\u00bboff\u00a0\u00bb parallax_method=\u00a0\u00bbon\u00a0\u00bb][et_pb_image _builder_version=\u00a0\u00bb3.11&Prime;][\/et_pb_image][et_pb_text _builder_version=\u00a0\u00bb3.11&Prime;]<strong>Options en sus:<\/strong><\/p>\n<p style=\"text-align: center;\">Lot terrain au choix, piscine, plage, chalet, douche ext\u00e9rieure, coin barbecue, terrasse, escalier ext\u00e9rieur, jardin et am\u00e9nagement ext\u00e9rieurs&#8230;<div class=\"woocommerce columns-4\"><ul class=\"products columns-4\">\n<li class=\"product-category product first\">\n\t<a aria-label=\"Acc\u00e9der \u00e0 la cat\u00e9gorie de produits All\u00e9e\" href=\"http:\/\/www.corossol-graviola.com\/amby\/categorie-produit\/allee\/\"><img loading=\"lazy\" decoding=\"async\" src=\"http:\/\/www.corossol-graviola.com\/amby\/wp-content\/uploads\/2024\/07\/categ-allee.jpg\" alt=\"All\u00e9e\" width=\"300\" height=\"300\" \/>\t\t<h2 class=\"woocommerce-loop-category__title\">\n\t\t\tAll\u00e9e <mark class=\"count\">(5)<\/mark>\t\t<\/h2>\n\t\t<\/a><\/li>\n<li class=\"product-category product\">\n\t<a aria-label=\"Acc\u00e9der \u00e0 la cat\u00e9gorie de produits Choix du terrain\" href=\"http:\/\/www.corossol-graviola.com\/amby\/categorie-produit\/terrain\/\"><img loading=\"lazy\" decoding=\"async\" src=\"http:\/\/www.corossol-graviola.com\/amby\/wp-content\/uploads\/2024\/07\/categ-terrain.jpg\" alt=\"Choix du terrain\" width=\"300\" height=\"300\" \/>\t\t<h2 class=\"woocommerce-loop-category__title\">\n\t\t\tChoix du terrain <mark class=\"count\">(20)<\/mark>\t\t<\/h2>\n\t\t<\/a><\/li>\n<li class=\"product-category product\">\n\t<a aria-label=\"Acc\u00e9der \u00e0 la cat\u00e9gorie de produits Coin barbecue\" href=\"http:\/\/www.corossol-graviola.com\/amby\/categorie-produit\/barbecue\/\"><img loading=\"lazy\" decoding=\"async\" src=\"http:\/\/www.corossol-graviola.com\/amby\/wp-content\/uploads\/2024\/07\/categ-barbecue.jpg\" alt=\"Coin barbecue\" width=\"300\" height=\"300\" \/>\t\t<h2 class=\"woocommerce-loop-category__title\">\n\t\t\tCoin barbecue <mark class=\"count\">(5)<\/mark>\t\t<\/h2>\n\t\t<\/a><\/li>\n<li class=\"product-category product last\">\n\t<a aria-label=\"Acc\u00e9der \u00e0 la cat\u00e9gorie de produits Cuisine ext\u00e9rieure\" href=\"http:\/\/www.corossol-graviola.com\/amby\/categorie-produit\/cuisine\/\"><img loading=\"lazy\" decoding=\"async\" src=\"http:\/\/www.corossol-graviola.com\/amby\/wp-content\/uploads\/2024\/07\/categ-chalet.jpg\" alt=\"Cuisine ext\u00e9rieure\" width=\"300\" height=\"300\" \/>\t\t<h2 class=\"woocommerce-loop-category__title\">\n\t\t\tCuisine ext\u00e9rieure <mark class=\"count\">(7)<\/mark>\t\t<\/h2>\n\t\t<\/a><\/li>\n<li class=\"product-category product first\">\n\t<a aria-label=\"Acc\u00e9der \u00e0 la cat\u00e9gorie de produits Douche ext\u00e9rieure\" href=\"http:\/\/www.corossol-graviola.com\/amby\/categorie-produit\/douche-2\/\"><img loading=\"lazy\" decoding=\"async\" src=\"http:\/\/www.corossol-graviola.com\/amby\/wp-content\/uploads\/2024\/07\/categ-douche.jpg\" alt=\"Douche ext\u00e9rieure\" width=\"300\" height=\"300\" \/>\t\t<h2 class=\"woocommerce-loop-category__title\">\n\t\t\tDouche ext\u00e9rieure <mark class=\"count\">(5)<\/mark>\t\t<\/h2>\n\t\t<\/a><\/li>\n<li class=\"product-category product\">\n\t<a aria-label=\"Acc\u00e9der \u00e0 la cat\u00e9gorie de produits Patio\" href=\"http:\/\/www.corossol-graviola.com\/amby\/categorie-produit\/patio\/\"><img loading=\"lazy\" decoding=\"async\" src=\"http:\/\/www.corossol-graviola.com\/amby\/wp-content\/uploads\/2024\/07\/categ-patio.jpg\" alt=\"Patio\" width=\"300\" height=\"300\" \/>\t\t<h2 class=\"woocommerce-loop-category__title\">\n\t\t\tPatio <mark class=\"count\">(6)<\/mark>\t\t<\/h2>\n\t\t<\/a><\/li>\n<li class=\"product-category product\">\n\t<a aria-label=\"Acc\u00e9der \u00e0 la cat\u00e9gorie de produits Piscine\" href=\"http:\/\/www.corossol-graviola.com\/amby\/categorie-produit\/piscine\/\"><img loading=\"lazy\" decoding=\"async\" src=\"http:\/\/www.corossol-graviola.com\/amby\/wp-content\/uploads\/2024\/07\/categ-piscine.jpg\" alt=\"Piscine\" width=\"300\" height=\"300\" \/>\t\t<h2 class=\"woocommerce-loop-category__title\">\n\t\t\tPiscine <mark class=\"count\">(1)<\/mark>\t\t<\/h2>\n\t\t<\/a><\/li>\n<li class=\"product-category product last\">\n\t<a aria-label=\"Acc\u00e9der \u00e0 la cat\u00e9gorie de produits R\u00e9sidence\" href=\"http:\/\/www.corossol-graviola.com\/amby\/categorie-produit\/residence\/\"><img loading=\"lazy\" decoding=\"async\" src=\"http:\/\/www.corossol-graviola.com\/amby\/wp-content\/uploads\/2024\/07\/categ-bungalow.jpg\" alt=\"R\u00e9sidence\" width=\"300\" height=\"300\" \/>\t\t<h2 class=\"woocommerce-loop-category__title\">\n\t\t\tR\u00e9sidence <mark class=\"count\">(2)<\/mark>\t\t<\/h2>\n\t\t<\/a><\/li>\n<\/ul>\n<\/div>[\/et_pb_text][\/et_pb_column][et_pb_column type=\u00a0\u00bb1_2&Prime; _builder_version=\u00a0\u00bb3.11&Prime; parallax=\u00a0\u00bboff\u00a0\u00bb parallax_method=\u00a0\u00bbon\u00a0\u00bb][et_pb_image _builder_version=\u00a0\u00bb3.11&Prime;][\/et_pb_image][et_pb_text _builder_version=\u00a0\u00bb3.11&Prime;][\/et_pb_text][et_pb_text _builder_version=\u00a0\u00bb3.11&Prime;]<\/p>\n<p><strong>Voir Prix<\/strong><\/p>\n<p>(La tenue d&rsquo;un compte client est en USD, vos paiements peuvent \u00eatre en MGA (ariary) ou toutes autres devises convertibles (USD EUR&#8230;.), pond\u00e9r\u00e9es au cours du jour de chaque paiement.<\/p>\n<table width=\"449\">\n<tbody>\n<tr>\n<td width=\"369\"><strong>Area Schedule \/ Superficies<\/strong><\/td>\n<td width=\"80\"><strong>(m2)<\/strong><\/td>\n<\/tr>\n<tr>\n<td><strong>Total area \/ Surface totale<\/strong><\/td>\n<td><strong>105<\/strong><\/td>\n<\/tr>\n<tr>\n<td><strong>Living area \/ Salon<\/strong><\/td>\n<td><strong>21,85<\/strong><\/td>\n<\/tr>\n<tr>\n<td><strong>Kitchen \/ Cuisine + Salle \u00e0 manger<\/strong><\/td>\n<td><strong>8<\/strong><\/td>\n<\/tr>\n<tr>\n<td><strong>Bedroom 1 \/ Salle \u00e0 coucher 1<\/strong><\/td>\n<td><strong>12,7<\/strong><\/td>\n<\/tr>\n<tr>\n<td><strong>Bedroom 2 \/ Salle \u00e0 coucher 2<\/strong><\/td>\n<td><strong>12,7<\/strong><\/td>\n<\/tr>\n<tr>\n<td><strong>Bedroom 3 \/ Salle \u00e0 coucher 3<\/strong><\/td>\n<td><strong>12<\/strong><\/td>\n<\/tr>\n<tr>\n<td><strong>Patio \/Patio<\/strong><\/td>\n<td><strong>12,6<\/strong><\/td>\n<\/tr>\n<tr>\n<td><strong>Bathroom \/ Salle de bain<\/strong><\/td>\n<td><strong>7,44<\/strong><\/td>\n<\/tr>\n<tr>\n<td><strong>Terrace \/ Terrasse<\/strong><\/td>\n<td><strong>6<\/strong><\/td>\n<\/tr>\n<\/tbody>\n<\/table>\n<p>[\/et_pb_text][\/et_pb_column][\/et_pb_row][et_pb_row _builder_version=\u00a0\u00bb3.11&Prime;][et_pb_column type=\u00a0\u00bb4_4&Prime; _builder_version=\u00a0\u00bb3.11&Prime; parallax=\u00a0\u00bboff\u00a0\u00bb parallax_method=\u00a0\u00bbon\u00a0\u00bb][et_pb_text _builder_version=\u00a0\u00bb3.11&Prime;][\/et_pb_text][et_pb_blog include_categories=\u00a0\u00bb54&Prime; show_content=\u00a0\u00bbon\u00a0\u00bb show_author=\u00a0\u00bboff\u00a0\u00bb show_date=\u00a0\u00bboff\u00a0\u00bb show_categories=\u00a0\u00bboff\u00a0\u00bb _builder_version=\u00a0\u00bb3.11&Prime;][\/et_pb_blog][\/et_pb_column][\/et_pb_row][\/et_pb_section]<\/p>\n","protected":false},"excerpt":{"rendered":"<p>[et_pb_section fb_built=\u00a0\u00bb1&Prime; _builder_version=\u00a0\u00bb3.11&Prime; background_image=\u00a0\u00bbhttp:\/\/www.corossol-graviola.com\/amby\/wp-content\/uploads\/2023\/07\/ZANZIBAR-FACADE-PRINCIPALE-1.png\u00a0\u00bb background_blend=\u00a0\u00bbdarken\u00a0\u00bb custom_padding=\u00a0\u00bb639px|0px|0|0px|false|false\u00a0\u00bb][et_pb_row custom_padding=\u00a0\u00bb0|0px|0|0px|false|false\u00a0\u00bb _builder_version=\u00a0\u00bb3.11&Prime; background_color=\u00a0\u00bbrgba(5,5,5,0.45)\u00a0\u00bb][et_pb_column type=\u00a0\u00bb4_4&Prime; _builder_version=\u00a0\u00bb3.11&Prime; parallax=\u00a0\u00bboff\u00a0\u00bb parallax_method=\u00a0\u00bbon\u00a0\u00bb][et_pb_text _builder_version=\u00a0\u00bb3.11&Prime; header_font=\u00a0\u00bbAllura||||||||\u00a0\u00bb header_text_align=\u00a0\u00bbcenter\u00a0\u00bb header_text_color=\u00a0\u00bb#FFFFFF\u00a0\u00bb header_font_size=\u00a0\u00bb60px\u00a0\u00bb] Zanzibar R\u00e9sidence [\/et_pb_text][\/et_pb_column][\/et_pb_row][\/et_pb_section][et_pb_section fb_built=\u00a0\u00bb1&Prime; _builder_version=\u00a0\u00bb3.11&Prime; custom_padding=\u00a0\u00bb0|0px|0|0px|false|false\u00a0\u00bb][et_pb_row custom_width_px=\u00a0\u00bb1203px\u00a0\u00bb custom_padding=\u00a0\u00bb25.25px|0px|8px|0px|false|false\u00a0\u00bb _builder_version=\u00a0\u00bb3.11&Prime; module_alignment=\u00a0\u00bbcenter\u00a0\u00bb][et_pb_column type=\u00a0\u00bb1_2&Prime; _builder_version=\u00a0\u00bb3.11&Prime; parallax=\u00a0\u00bboff\u00a0\u00bb parallax_method=\u00a0\u00bbon\u00a0\u00bb][et_pb_image src=\u00a0\u00bbhttp:\/\/www.corossol-graviola.com\/amby\/wp-content\/uploads\/2023\/07\/ZANZIBAR-FACADE-PRINCIPALE-LATERALE-DROITE-1.png\u00a0\u00bb admin_label=\u00a0\u00bbVue au salon\u00a0\u00bb _builder_version=\u00a0\u00bb3.11&Prime;][\/et_pb_image][\/et_pb_column][et_pb_column type=\u00a0\u00bb1_2&Prime; _builder_version=\u00a0\u00bb3.11&Prime; parallax=\u00a0\u00bboff\u00a0\u00bb parallax_method=\u00a0\u00bbon\u00a0\u00bb][et_pb_text _builder_version=\u00a0\u00bb3.11&Prime; text_font=\u00a0\u00bb||||||||\u00a0\u00bb header_font=\u00a0\u00bb||||||||\u00a0\u00bb header_font_size=\u00a0\u00bb58px\u00a0\u00bb header_6_font=\u00a0\u00bb||||||||\u00a0\u00bb]Zanzibar R\u00e9sidence[\/et_pb_text][et_pb_text _builder_version=\u00a0\u00bb3.11&Prime; text_font=\u00a0\u00bb||||||||\u00a0\u00bb link_font=\u00a0\u00bb||||||||\u00a0\u00bb ul_font=\u00a0\u00bb||||||||\u00a0\u00bb ol_font=\u00a0\u00bb||||||||\u00a0\u00bb quote_font=\u00a0\u00bb||||||||\u00a0\u00bb header_font=\u00a0\u00bb||||||||\u00a0\u00bb header_2_font=\u00a0\u00bb||||||||\u00a0\u00bb [&hellip;]<\/p>\n","protected":false},"author":1,"featured_media":0,"parent":0,"menu_order":0,"comment_status":"closed","ping_status":"closed","template":"","meta":{"footnotes":""},"class_list":["post-669","page","type-page","status-publish","hentry"],"_links":{"self":[{"href":"http:\/\/www.corossol-graviola.com\/amby\/wp-json\/wp\/v2\/pages\/669","targetHints":{"allow":["GET"]}}],"collection":[{"href":"http:\/\/www.corossol-graviola.com\/amby\/wp-json\/wp\/v2\/pages"}],"about":[{"href":"http:\/\/www.corossol-graviola.com\/amby\/wp-json\/wp\/v2\/types\/page"}],"author":[{"embeddable":true,"href":"http:\/\/www.corossol-graviola.com\/amby\/wp-json\/wp\/v2\/users\/1"}],"replies":[{"embeddable":true,"href":"http:\/\/www.corossol-graviola.com\/amby\/wp-json\/wp\/v2\/comments?post=669"}],"version-history":[{"count":30,"href":"http:\/\/www.corossol-graviola.com\/amby\/wp-json\/wp\/v2\/pages\/669\/revisions"}],"predecessor-version":[{"id":2057,"href":"http:\/\/www.corossol-graviola.com\/amby\/wp-json\/wp\/v2\/pages\/669\/revisions\/2057"}],"wp:attachment":[{"href":"http:\/\/www.corossol-graviola.com\/amby\/wp-json\/wp\/v2\/media?parent=669"}],"curies":[{"name":"wp","href":"https:\/\/api.w.org\/{rel}","templated":true}]}}