{"id":34,"date":"2023-07-04T05:42:25","date_gmt":"2023-07-04T05:42:25","guid":{"rendered":"http:\/\/www.corossol-graviola.com\/amby\/home\/"},"modified":"2024-12-09T08:21:11","modified_gmt":"2024-12-09T06:21:11","slug":"accueil","status":"publish","type":"page","link":"http:\/\/www.corossol-graviola.com\/amby\/","title":{"rendered":"Accueil"},"content":{"rendered":"<p>[et_pb_section fb_built=\u00a0\u00bb1&Prime; _builder_version=\u00a0\u00bb3.11&Prime; background_image=\u00a0\u00bbhttp:\/\/www.corossol-graviola.com\/amby\/wp-content\/uploads\/2023\/07\/ambila-madagascar.jpg\u00a0\u00bb background_blend=\u00a0\u00bbdarken\u00a0\u00bb custom_padding=\u00a0\u00bb78px|0px|78px|0px|false|false\u00a0\u00bb][et_pb_row _builder_version=\u00a0\u00bb3.11&Prime; background_color=\u00a0\u00bbrgba(5,5,5,0.45)\u00a0\u00bb][et_pb_column type=\u00a0\u00bb4_4&Prime; _builder_version=\u00a0\u00bb3.11&Prime; parallax=\u00a0\u00bboff\u00a0\u00bb parallax_method=\u00a0\u00bbon\u00a0\u00bb][et_pb_text _builder_version=\u00a0\u00bb3.11&Prime; header_font=\u00a0\u00bbAllura||||||||\u00a0\u00bb header_text_align=\u00a0\u00bbcenter\u00a0\u00bb header_text_color=\u00a0\u00bb#FFFFFF\u00a0\u00bb header_font_size=\u00a0\u00bb200px\u00a0\u00bb]<\/p>\n<h1>Nosy Amby<\/h1>\n<p>[\/et_pb_text][et_pb_text _builder_version=\u00a0\u00bb3.11&Prime; header_font=\u00a0\u00bb||||||||\u00a0\u00bb header_2_font=\u00a0\u00bbGeorgia||||||||\u00a0\u00bb header_2_text_align=\u00a0\u00bbcenter\u00a0\u00bb header_2_text_color=\u00a0\u00bb#FFFFFF\u00a0\u00bb header_2_font_size=\u00a0\u00bb38px\u00a0\u00bb header_2_letter_spacing=\u00a0\u00bb3px\u00a0\u00bb]<\/p>\n<h2><span style=\"font-size: xx-large;\">Votre r\u00e9sidence secondaire au bord du<\/span><\/h2>\n<h2><span style=\"font-size: xx-large;\">Canal de Pangalanes et l&rsquo;Oc\u00e9an Indien<\/span><\/h2>\n<p>[\/et_pb_text][et_pb_button button_url=\u00a0\u00bb#nosyamby\u00a0\u00bb button_text=\u00a0\u00bbD\u00e9couvrir\u00a0\u00bb button_alignment=\u00a0\u00bbcenter\u00a0\u00bb _builder_version=\u00a0\u00bb3.11&Prime; custom_button=\u00a0\u00bbon\u00a0\u00bb button_text_size=\u00a0\u00bb27px\u00a0\u00bb button_text_color=\u00a0\u00bb#FFFFFF\u00a0\u00bb button_border_width=\u00a0\u00bb1px\u00a0\u00bb button_border_radius=\u00a0\u00bb8px\u00a0\u00bb button_font=\u00a0\u00bb||||||||\u00a0\u00bb][\/et_pb_button][\/et_pb_column][\/et_pb_row][\/et_pb_section][et_pb_section fb_built=\u00a0\u00bb1&Prime; module_id=\u00a0\u00bbnosyamby\u00a0\u00bb _builder_version=\u00a0\u00bb3.11&Prime; custom_padding=\u00a0\u00bb0|0px|0|0px|false|false\u00a0\u00bb][et_pb_row custom_width_px=\u00a0\u00bb1203px\u00a0\u00bb _builder_version=\u00a0\u00bb3.11&Prime;][et_pb_column type=\u00a0\u00bb1_2&Prime; _builder_version=\u00a0\u00bb3.11&Prime; parallax=\u00a0\u00bboff\u00a0\u00bb parallax_method=\u00a0\u00bbon\u00a0\u00bb][et_pb_image src=\u00a0\u00bbhttp:\/\/www.corossol-graviola.com\/amby\/wp-content\/uploads\/2023\/07\/bora1.jpg\u00a0\u00bb _builder_version=\u00a0\u00bb3.11&Prime; max_width=\u00a0\u00bb93%\u00a0\u00bb][\/et_pb_image][\/et_pb_column][et_pb_column type=\u00a0\u00bb1_2&Prime; _builder_version=\u00a0\u00bb3.11&Prime; parallax=\u00a0\u00bboff\u00a0\u00bb parallax_method=\u00a0\u00bbon\u00a0\u00bb][et_pb_text _builder_version=\u00a0\u00bb3.11&Prime; text_font=\u00a0\u00bb||||||||\u00a0\u00bb header_font=\u00a0\u00bb||||||||\u00a0\u00bb header_font_size=\u00a0\u00bb58px\u00a0\u00bb header_6_font=\u00a0\u00bb||||||||\u00a0\u00bb]<\/p>\n<h3><strong>Nosy Amby<\/strong><\/h3>\n<p>[\/et_pb_text][et_pb_text _builder_version=\u00a0\u00bb3.11&Prime; text_font=\u00a0\u00bb||||||||\u00a0\u00bb link_font=\u00a0\u00bb||||||||\u00a0\u00bb ul_font=\u00a0\u00bb||||||||\u00a0\u00bb ol_font=\u00a0\u00bb||||||||\u00a0\u00bb quote_font=\u00a0\u00bb||||||||\u00a0\u00bb header_font=\u00a0\u00bb||||||||\u00a0\u00bb header_2_font=\u00a0\u00bb||||||||\u00a0\u00bb header_3_font=\u00a0\u00bb||||||||\u00a0\u00bb header_4_font=\u00a0\u00bb||||||||\u00a0\u00bb header_5_font=\u00a0\u00bb||||||||\u00a0\u00bb header_6_font=\u00a0\u00bb||||||||\u00a0\u00bb]<\/p>\n<p style=\"text-align: justify;\">Nich\u00e9 sur la c\u00f4te est de Madagascar, sur un banc de terre entre le canal des Pangalanes et I&rsquo;Oc\u00e9an Indien, se trouve un joyau : Nosy Amby.<\/p>\n<p style=\"text-align: justify;\"> Cette destination captivante poss\u00e8de une beaut\u00e9 naturelle qui transcende I&rsquo;imagination, offrant une exp\u00e9rience impressionnante comme aucune autre.<br \/>\nNosy Amby vous embrasse avec ses plages immacul\u00e9es et le magnifique canal du PangaJanes.<\/p>\n<p style=\"text-align: justify;\">Promenez-vous le long de la c\u00f4te bard\u00e9e de palmiers et laissez les chauds rayons du soleil caresser votre peau tout en vous immergeant dans la tranquillit\u00e9 de ce paradis tropical.<\/p>\n<p>[\/et_pb_text][et_pb_button button_url=\u00a0\u00bbhttp:\/\/www.corossol-graviola.com\/amby\/?p=148&amp;preview=true\u00a0\u00bb button_text=\u00a0\u00bbEn savoir plus\u00a0\u00bb _builder_version=\u00a0\u00bb3.11&Prime;][\/et_pb_button][\/et_pb_column][\/et_pb_row][\/et_pb_section][et_pb_section fb_built=\u00a0\u00bb1&Prime; _builder_version=\u00a0\u00bb3.11&Prime;][et_pb_row _builder_version=\u00a0\u00bb3.11&Prime;][et_pb_column type=\u00a0\u00bb1_2&Prime; _builder_version=\u00a0\u00bb3.11&Prime; parallax=\u00a0\u00bboff\u00a0\u00bb parallax_method=\u00a0\u00bbon\u00a0\u00bb][et_pb_text _builder_version=\u00a0\u00bb3.11&Prime; text_font=\u00a0\u00bb||||||||\u00a0\u00bb header_font=\u00a0\u00bb||||||||\u00a0\u00bb header_font_size=\u00a0\u00bb58px\u00a0\u00bb header_6_font=\u00a0\u00bb||||||||\u00a0\u00bb]<\/p>\n<h3><strong>R\u00e9sidence Iranja<br \/>\n<\/strong><\/h3>\n<p>[\/et_pb_text][et_pb_text _builder_version=\u00a0\u00bb3.11&Prime;]<\/p>\n<p style=\"text-align: justify;\">Bienvenue \u00e0 la R\u00e9sidence Iranja, un bijou architectural de forme cubique nich\u00e9 entre les eaux sereines du canal de Pangalanes et la majest\u00e9 infinie de l\u2019oc\u00e9an Indien. Cette r\u00e9sidence baln\u00e9aire r\u00e9volutionnaire marie l\u2019esth\u00e9tique moderne \u00e0 des am\u00e9nagements bien-\u00eatre exclusifs, cr\u00e9ant un sanctuaire d\u2019harmonie au c\u0153ur de la nature luxuriante. elle se distingue par son design cubique audacieux, lignes \u00e9pur\u00e9es<\/p>\n<p style=\"text-align: justify;\">La pi\u00e8ce principale de la r\u00e9sidence est un espace polyvalent qui fusionne ing\u00e9nieusement le salon, la cuisine et la salle \u00e0 manger. La transparence des murs permet \u00e0 la lumi\u00e8re naturelle d\u2019inonder l\u2019int\u00e9rieur, cr\u00e9ant une atmosph\u00e8re lumineuse et a\u00e9r\u00e9e. Les vues panoramiques sur le canal d\u2019un c\u00f4t\u00e9 et l\u2019oc\u00e9an de l\u2019autre offrent une exp\u00e9rience visuelle exceptionnelle.<\/p>\n<p>[\/et_pb_text][et_pb_button button_url=\u00a0\u00bbhttp:\/\/www.corossol-graviola.com\/amby\/2024\/05\/21\/traitement-projet\u00a0\u00bb button_text=\u00a0\u00bbEn savoir plus\u00a0\u00bb _builder_version=\u00a0\u00bb3.11&Prime;][\/et_pb_button][\/et_pb_column][et_pb_column type=\u00a0\u00bb1_2&Prime; _builder_version=\u00a0\u00bb3.11&Prime; parallax=\u00a0\u00bboff\u00a0\u00bb parallax_method=\u00a0\u00bbon\u00a0\u00bb][et_pb_gallery gallery_ids=\u00a0\u00bb1242&Prime; fullwidth=\u00a0\u00bbon\u00a0\u00bb _builder_version=\u00a0\u00bb3.11&Prime; title_font=\u00a0\u00bb||||||||\u00a0\u00bb][\/et_pb_gallery][\/et_pb_column][\/et_pb_row][\/et_pb_section][et_pb_section fb_built=\u00a0\u00bb1&Prime; _builder_version=\u00a0\u00bb3.11&Prime; background_color=\u00a0\u00bb#0c71c3&Prime; custom_padding=\u00a0\u00bb54px|0px|0|0px|false|false\u00a0\u00bb top_divider_style=\u00a0\u00bbarrow3&Prime; top_divider_color=\u00a0\u00bb#ffffff\u00a0\u00bb top_divider_height=\u00a0\u00bb61px\u00a0\u00bb global_module=\u00a0\u00bb1992&Prime; saved_tabs=\u00a0\u00bball\u00a0\u00bb][et_pb_row make_fullwidth=\u00a0\u00bbon\u00a0\u00bb _builder_version=\u00a0\u00bb3.11&Prime;][et_pb_column type=\u00a0\u00bb1_3&Prime; _builder_version=\u00a0\u00bb3.11&Prime; parallax=\u00a0\u00bboff\u00a0\u00bb parallax_method=\u00a0\u00bbon\u00a0\u00bb][et_pb_image src=\u00a0\u00bbhttp:\/\/www.corossol-graviola.com\/amby\/wp-content\/uploads\/2024\/08\/logo-aci.png\u00a0\u00bb _builder_version=\u00a0\u00bb3.11&Prime; max_width=\u00a0\u00bb54%\u00a0\u00bb][\/et_pb_image][et_pb_text _builder_version=\u00a0\u00bb3.11&Prime;]<\/p>\n<p style=\"text-align: justify;\"><span style=\"font-size: large;\"><strong><span style=\"color: #ffffff;\">Azur Construction Immobili\u00e8re<\/span><\/strong><\/span><\/p>\n<p style=\"text-align: justify;\"><span style=\"color: #ffffff;\">Soci\u00e9t\u00e9 de promotion immobili\u00e8re bas\u00e9e \u00e0 Madagascar et op\u00e9rant dans le secteur touristique.<\/span><\/p>\n<p style=\"text-align: justify;\"><span style=\"color: #ffffff;\">Notre mission : Cr\u00e9er des espaces de vie uniques et confortables, int\u00e9gr\u00e9s harmonieusement dans l\u2019environnement c\u00f4tier.<\/span><\/p>\n<p style=\"text-align: justify;\"><span style=\"color: #ffffff;\">&nbsp;<\/span><\/p>\n<p>[\/et_pb_text][\/et_pb_column][et_pb_column type=\u00a0\u00bb1_3&Prime; _builder_version=\u00a0\u00bb3.11&Prime; parallax=\u00a0\u00bboff\u00a0\u00bb parallax_method=\u00a0\u00bbon\u00a0\u00bb][et_pb_text _builder_version=\u00a0\u00bb3.11&Prime;]<\/p>\n<p style=\"text-align: center;\"><span style=\"font-size: large; color: #ffffff;\"><strong>Lien direct<\/strong><\/span><\/p>\n<p style=\"text-align: center;\"><span style=\"color: #ffffff;\">Accueil<\/span><\/p>\n<p style=\"text-align: center;\"><span style=\"color: #ffffff;\">Le domaine<\/span><\/p>\n<p style=\"text-align: center;\"><span style=\"color: #ffffff;\">Nos r\u00e9sidences baln\u00e9aires<\/span><\/p>\n<p style=\"text-align: center;\"><span style=\"color: #ffffff;\">Nous contact<\/span><\/p>\n<p style=\"text-align: center;\"><span style=\"color: #ffffff;\">Mon compte<\/span><\/p>\n<p>[\/et_pb_text][\/et_pb_column][et_pb_column type=\u00a0\u00bb1_3&Prime; _builder_version=\u00a0\u00bb3.11&Prime; parallax=\u00a0\u00bboff\u00a0\u00bb parallax_method=\u00a0\u00bbon\u00a0\u00bb][et_pb_text _builder_version=\u00a0\u00bb3.11&Prime;]<\/p>\n<p style=\"text-align: center;\"><span style=\"font-size: large; color: #ffffff;\"><strong>Contact<\/strong><\/span><\/p>\n<p style=\"text-align: center;\"><span style=\"color: #ffffff;\">Adresse : ACI &#8211; Immeuble Nexus Andranobevava &#8211; Antananarivo 101<\/span><\/p>\n<p style=\"text-align: center;\"><span style=\"color: #ffffff;\">T\u00e9l\u00e9phone : +261 34 60 797 90 (WhatsApp)<\/span><\/p>\n<p style=\"text-align: center;\"><span style=\"color: #ffffff;\">Mail : contact@azur-construction-immobiliere.com<\/span><\/p>\n<p>[\/et_pb_text][et_pb_social_media_follow _builder_version=\u00a0\u00bb3.11&Prime; text_orientation=\u00a0\u00bbcenter\u00a0\u00bb][et_pb_social_media_follow_network social_network=\u00a0\u00bbfacebook\u00a0\u00bb _builder_version=\u00a0\u00bb3.11&Prime; background_color=\u00a0\u00bb#3b5998&Prime; follow_button=\u00a0\u00bboff\u00a0\u00bb url_new_window=\u00a0\u00bbon\u00a0\u00bb]facebook[\/et_pb_social_media_follow_network][et_pb_social_media_follow_network social_network=\u00a0\u00bbinstagram\u00a0\u00bb _builder_version=\u00a0\u00bb3.11&Prime; background_color=\u00a0\u00bb#ea2c59&Prime; follow_button=\u00a0\u00bboff\u00a0\u00bb url_new_window=\u00a0\u00bbon\u00a0\u00bb]instagram[\/et_pb_social_media_follow_network][et_pb_social_media_follow_network social_network=\u00a0\u00bblinkedin\u00a0\u00bb _builder_version=\u00a0\u00bb3.11&Prime; background_color=\u00a0\u00bb#007bb6&Prime; follow_button=\u00a0\u00bboff\u00a0\u00bb url_new_window=\u00a0\u00bbon\u00a0\u00bb]linkedin[\/et_pb_social_media_follow_network][\/et_pb_social_media_follow][\/et_pb_column][\/et_pb_row][\/et_pb_section]<\/p>\n","protected":false},"excerpt":{"rendered":"<p>[et_pb_section fb_built=\u00a0\u00bb1&Prime; _builder_version=\u00a0\u00bb3.11&Prime; background_image=\u00a0\u00bbhttp:\/\/www.corossol-graviola.com\/amby\/wp-content\/uploads\/2023\/07\/ambila-madagascar.jpg\u00a0\u00bb background_blend=\u00a0\u00bbdarken\u00a0\u00bb custom_padding=\u00a0\u00bb78px|0px|78px|0px|false|false\u00a0\u00bb][et_pb_row _builder_version=\u00a0\u00bb3.11&Prime; background_color=\u00a0\u00bbrgba(5,5,5,0.45)\u00a0\u00bb][et_pb_column type=\u00a0\u00bb4_4&Prime; _builder_version=\u00a0\u00bb3.11&Prime; parallax=\u00a0\u00bboff\u00a0\u00bb parallax_method=\u00a0\u00bbon\u00a0\u00bb][et_pb_text _builder_version=\u00a0\u00bb3.11&Prime; header_font=\u00a0\u00bbAllura||||||||\u00a0\u00bb header_text_align=\u00a0\u00bbcenter\u00a0\u00bb header_text_color=\u00a0\u00bb#FFFFFF\u00a0\u00bb header_font_size=\u00a0\u00bb200px\u00a0\u00bb] Nosy Amby [\/et_pb_text][et_pb_text _builder_version=\u00a0\u00bb3.11&Prime; header_font=\u00a0\u00bb||||||||\u00a0\u00bb header_2_font=\u00a0\u00bbGeorgia||||||||\u00a0\u00bb header_2_text_align=\u00a0\u00bbcenter\u00a0\u00bb header_2_text_color=\u00a0\u00bb#FFFFFF\u00a0\u00bb header_2_font_size=\u00a0\u00bb38px\u00a0\u00bb header_2_letter_spacing=\u00a0\u00bb3px\u00a0\u00bb] Votre r\u00e9sidence secondaire au bord du Canal de Pangalanes et l&rsquo;Oc\u00e9an Indien [\/et_pb_text][et_pb_button button_url=\u00a0\u00bb#nosyamby\u00a0\u00bb button_text=\u00a0\u00bbD\u00e9couvrir\u00a0\u00bb button_alignment=\u00a0\u00bbcenter\u00a0\u00bb _builder_version=\u00a0\u00bb3.11&Prime; custom_button=\u00a0\u00bbon\u00a0\u00bb button_text_size=\u00a0\u00bb27px\u00a0\u00bb button_text_color=\u00a0\u00bb#FFFFFF\u00a0\u00bb button_border_width=\u00a0\u00bb1px\u00a0\u00bb button_border_radius=\u00a0\u00bb8px\u00a0\u00bb button_font=\u00a0\u00bb||||||||\u00a0\u00bb][\/et_pb_button][\/et_pb_column][\/et_pb_row][\/et_pb_section][et_pb_section fb_built=\u00a0\u00bb1&Prime; module_id=\u00a0\u00bbnosyamby\u00a0\u00bb _builder_version=\u00a0\u00bb3.11&Prime; custom_padding=\u00a0\u00bb0|0px|0|0px|false|false\u00a0\u00bb][et_pb_row custom_width_px=\u00a0\u00bb1203px\u00a0\u00bb [&hellip;]<\/p>\n","protected":false},"author":1,"featured_media":0,"parent":0,"menu_order":0,"comment_status":"closed","ping_status":"closed","template":"","meta":{"footnotes":""},"class_list":["post-34","page","type-page","status-publish","hentry"],"_links":{"self":[{"href":"http:\/\/www.corossol-graviola.com\/amby\/wp-json\/wp\/v2\/pages\/34","targetHints":{"allow":["GET"]}}],"collection":[{"href":"http:\/\/www.corossol-graviola.com\/amby\/wp-json\/wp\/v2\/pages"}],"about":[{"href":"http:\/\/www.corossol-graviola.com\/amby\/wp-json\/wp\/v2\/types\/page"}],"author":[{"embeddable":true,"href":"http:\/\/www.corossol-graviola.com\/amby\/wp-json\/wp\/v2\/users\/1"}],"replies":[{"embeddable":true,"href":"http:\/\/www.corossol-graviola.com\/amby\/wp-json\/wp\/v2\/comments?post=34"}],"version-history":[{"count":48,"href":"http:\/\/www.corossol-graviola.com\/amby\/wp-json\/wp\/v2\/pages\/34\/revisions"}],"predecessor-version":[{"id":2035,"href":"http:\/\/www.corossol-graviola.com\/amby\/wp-json\/wp\/v2\/pages\/34\/revisions\/2035"}],"wp:attachment":[{"href":"http:\/\/www.corossol-graviola.com\/amby\/wp-json\/wp\/v2\/media?parent=34"}],"curies":[{"name":"wp","href":"https:\/\/api.w.org\/{rel}","templated":true}]}}