{"id":289,"date":"2023-07-12T09:18:31","date_gmt":"2023-07-12T09:18:31","guid":{"rendered":"http:\/\/www.corossol-graviola.com\/amby\/?page_id=289"},"modified":"2024-11-03T15:30:44","modified_gmt":"2024-11-03T13:30:44","slug":"acheter-votre-residence","status":"publish","type":"page","link":"http:\/\/www.corossol-graviola.com\/amby\/acheter-votre-residence\/","title":{"rendered":"Acheter votre r\u00e9sidence"},"content":{"rendered":"<p>[et_pb_section fb_built=\u00a0\u00bb1&Prime; _builder_version=\u00a0\u00bb3.11&Prime; background_image=\u00a0\u00bbhttp:\/\/www.corossol-graviola.com\/amby\/wp-content\/uploads\/2024\/04\/IRANJA-F-PRINCIPALE-MODIF-VUE-1.jpg\u00a0\u00bb background_blend=\u00a0\u00bbdarken\u00a0\u00bb custom_padding=\u00a0\u00bb78px|0px|78px|0px|false|false\u00a0\u00bb][et_pb_row _builder_version=\u00a0\u00bb3.11&Prime; background_color=\u00a0\u00bbrgba(5,5,5,0.64)\u00a0\u00bb][et_pb_column type=\u00a0\u00bb4_4&Prime; _builder_version=\u00a0\u00bb3.11&Prime; parallax=\u00a0\u00bboff\u00a0\u00bb parallax_method=\u00a0\u00bbon\u00a0\u00bb][et_pb_text _builder_version=\u00a0\u00bb3.11&Prime; header_font=\u00a0\u00bbAllura||||||||\u00a0\u00bb header_text_align=\u00a0\u00bbcenter\u00a0\u00bb header_text_color=\u00a0\u00bb#FFFFFF\u00a0\u00bb header_font_size=\u00a0\u00bb200px\u00a0\u00bb]<\/p>\n<h1>Votre r\u00e9sidence<\/h1>\n<p>[\/et_pb_text][\/et_pb_column][\/et_pb_row][\/et_pb_section][et_pb_section fb_built=\u00a0\u00bb1&Prime; _builder_version=\u00a0\u00bb3.11&Prime;][et_pb_row _builder_version=\u00a0\u00bb3.11&Prime; border_radii=\u00a0\u00bbon|30px|30px|30px|30px\u00a0\u00bb][et_pb_column type=\u00a0\u00bb4_4&Prime; _builder_version=\u00a0\u00bb3.11&Prime; parallax=\u00a0\u00bboff\u00a0\u00bb parallax_method=\u00a0\u00bbon\u00a0\u00bb][et_pb_text _builder_version=\u00a0\u00bb3.11&Prime; border_radii=\u00a0\u00bbon|50px|50px|50px|50px\u00a0\u00bb border_width_all=\u00a0\u00bb20px\u00a0\u00bb]<\/p>\n<table width=\"1299\">\n<tbody>\n<tr style=\"height: 84.875px;\">\n<td style=\"text-align: center; height: 84.875px;\" colspan=\"5\" width=\"1299\">\n<h1><span style=\"color: #333300;\"><strong>Acqu\u00e9rir votre r\u00e9sidence<\/strong><\/span><\/h1>\n<\/td>\n<\/tr>\n<tr style=\"height: 65px;\">\n<td style=\"text-align: center; height: 179px;\" rowspan=\"3\">\n<h3><span style=\"color: #666666;\"><strong>Vente sur plan<\/strong><\/span><\/h3>\n<\/td>\n<td style=\"text-align: center; height: 131px;\" colspan=\"2\" rowspan=\"2\"><\/td>\n<td style=\"text-align: center; height: 65px;\" colspan=\"2\">\n<h3><strong>Acqu\u00e9reur<\/strong><\/h3>\n<\/td>\n<\/tr>\n<tr style=\"height: 66px;\">\n<td style=\"text-align: center; height: 66px;\">\n<h4><strong>Nationalit\u00e9 malagasy<\/strong><\/h4>\n<p><strong>ou Soci\u00e9t\u00e9 immobili\u00e8re *<\/strong><\/p>\n<\/td>\n<td style=\"text-align: center; height: 66px;\">\n<h4><strong>Autres nationalit\u00e9s<\/strong><\/h4>\n<p><strong>ou Soci\u00e9t\u00e9 immobili\u00e8re *<\/strong><\/p>\n<\/td>\n<\/tr>\n<tr style=\"height: 48px;\">\n<td style=\"text-align: center; height: 48px;\"><\/td>\n<td style=\"text-align: center; height: 48px;\">Droit d&rsquo;enregistrement<\/td>\n<td style=\"text-align: center; height: 48px;\">5 %<\/td>\n<td style=\"text-align: center; height: 48px;\">2 %<\/td>\n<\/tr>\n<tr style=\"height: 24px;\">\n<td style=\"text-align: center; height: 72px;\" rowspan=\"3\">\n<h2><strong>1<\/strong><\/h2>\n<\/td>\n<td style=\"text-align: center; height: 72px;\" rowspan=\"3\" width=\"173\">Signature d&rsquo;un contrat de r\u00e9servation pr\u00e9liminaire (CRP) et paiement des divers frais de transfert de propri\u00e9t\u00e9.<\/td>\n<td style=\"text-align: center; height: 24px;\">Droit de mutation<\/td>\n<td style=\"text-align: center; height: 24px;\">2 %<\/td>\n<td style=\"text-align: center; height: 24px;\">2 %<\/td>\n<\/tr>\n<tr style=\"height: 24px;\">\n<td style=\"text-align: center; height: 24px;\">Honoraire notaire<\/td>\n<td style=\"text-align: center; height: 24px;\">~ 1,5 &#8211; 2 % (forfaitaire)<\/td>\n<td style=\"text-align: center; height: 24px;\">~ 1,5 &#8211; 2 % (forfaitaire)<\/td>\n<\/tr>\n<tr style=\"height: 24px;\">\n<td style=\"text-align: center; height: 24px;\">Frais divers<\/td>\n<td style=\"text-align: center; height: 24px;\" colspan=\"2\">\u00a0USD\u00a0 750<\/td>\n<\/tr>\n<tr style=\"height: 144px;\">\n<td style=\"text-align: center; height: 144px;\">\n<h1><strong>2<\/strong><\/h1>\n<\/td>\n<td style=\"text-align: center; height: 144px;\" width=\"173\">Versement du prix du terrain de 50\u00a0 \u00e0 100 %\u00a0<\/td>\n<td style=\"text-align: center; height: 144px;\">Droit de propri\u00e9t\u00e9<\/td>\n<td style=\"text-align: center; height: 144px;\" width=\"425\">\n<p>Titre de propri\u00e9t\u00e9 au nom du<\/p>\n<p>futur acqu\u00e9reur (pleine propri\u00e9t\u00e9)<\/p>\n<\/td>\n<td width=\"425\" style=\"height: 144px;\">Titre emphyt\u00e9ose &#8211; droit au bail accompagnant le titre de propri\u00e9t\u00e9 au nom du promoteur<br \/> Bail de 99 ans &#8211; renouvelable par reconduction tacite \u00e0 chaque terme de 99 ans (et pour la m\u00eame dur\u00e9e \u00e0 chaque reprise)<br \/> Renouvellement pour une modique somme symbolique<\/td>\n<\/tr>\n<tr style=\"height: 120px;\">\n<td style=\"text-align: center; height: 120px;\">\n<h2><strong>3<\/strong><\/h2>\n<\/td>\n<td style=\"text-align: center; height: 120px;\" width=\"173\">Paiement du prix de la r\u00e9sidence en fonction de l&rsquo;avancement des travaux, conformement aux clause du CRP<\/td>\n<td style=\"text-align: center; height: 120px;\">Statut<\/td>\n<td style=\"height: 120px;\">Construction en cours<\/td>\n<td width=\"425\" style=\"height: 120px;\">Le titre emphyt\u00e9ose donne exactement les m\u00eames droits qu&rsquo;un titre de propri\u00e9t\u00e9 classique et conf\u00e8re \u00e0 l&rsquo;acheteur une s\u00e9curit\u00e9 maximale.<br \/> C\u00e9dable &#8211; transf\u00e9rable aux h\u00e9ritiers et\/ou vendable \u00e0 tout moment \u00e0 un futur acqu\u00e9reur (malgache ou non)<\/td>\n<\/tr>\n<tr style=\"height: 75px;\">\n<td style=\"text-align: center; height: 75px;\">\n<h2><strong>4<\/strong><\/h2>\n<\/td>\n<td width=\"173\" style=\"height: 75px;\">Acte de vente d\u00e9finitif d\u00e9livr\u00e9 par le notaire \u00e0 la livraison du lot<\/td>\n<td width=\"159\" style=\"height: 75px;\">Remise de cl\u00e9<\/td>\n<td style=\"text-align: center; height: 75px;\">Obtention du titre de propri\u00e9t\u00e9<\/td>\n<td width=\"425\" style=\"height: 75px;\"><span style=\"color: #666666;\">* Pour le cas d&rsquo;une soci\u00e9t\u00e9 immobili\u00e8re, obtention du titre de propri\u00e9t\u00e9<\/span> Si le capital est compos\u00e9 \u00e0 plus de 51 %\u00a0 d&rsquo;actionnaires malgaches, sinon titre emphyt\u00e9ose<\/td>\n<\/tr>\n<\/tbody>\n<\/table>\n<p>[\/et_pb_text][\/et_pb_column][\/et_pb_row][\/et_pb_section][et_pb_section fb_built=\u00a0\u00bb1&Prime; _builder_version=\u00a0\u00bb3.11&Prime; background_color=\u00a0\u00bb#0c71c3&Prime; custom_padding=\u00a0\u00bb54px|0px|0|0px|false|false\u00a0\u00bb top_divider_style=\u00a0\u00bbarrow3&Prime; top_divider_color=\u00a0\u00bb#ffffff\u00a0\u00bb top_divider_height=\u00a0\u00bb61px\u00a0\u00bb saved_tabs=\u00a0\u00bball\u00a0\u00bb global_module=\u00a0\u00bb1992&Prime;][et_pb_row make_fullwidth=\u00a0\u00bbon\u00a0\u00bb _builder_version=\u00a0\u00bb3.11&Prime;][et_pb_column type=\u00a0\u00bb1_3&Prime; _builder_version=\u00a0\u00bb3.11&Prime; parallax=\u00a0\u00bboff\u00a0\u00bb parallax_method=\u00a0\u00bbon\u00a0\u00bb][et_pb_image src=\u00a0\u00bbhttp:\/\/www.corossol-graviola.com\/amby\/wp-content\/uploads\/2024\/08\/logo-aci.png\u00a0\u00bb _builder_version=\u00a0\u00bb3.11&Prime; max_width=\u00a0\u00bb54%\u00a0\u00bb][\/et_pb_image][et_pb_text _builder_version=\u00a0\u00bb3.11&Prime;]<\/p>\n<p style=\"text-align: justify;\"><span style=\"font-size: large;\"><strong><span style=\"color: #ffffff;\">Azur Construction Immobili\u00e8re<\/span><\/strong><\/span><\/p>\n<p style=\"text-align: justify;\"><span style=\"color: #ffffff;\">Soci\u00e9t\u00e9 de promotion immobili\u00e8re bas\u00e9e \u00e0 Madagascar et op\u00e9rant dans le secteur touristique.<\/span><\/p>\n<p style=\"text-align: justify;\"><span style=\"color: #ffffff;\">Notre mission : Cr\u00e9er des espaces de vie uniques et confortables, int\u00e9gr\u00e9s harmonieusement dans l\u2019environnement c\u00f4tier.<\/span><\/p>\n<p style=\"text-align: justify;\"><span style=\"color: #ffffff;\">\u00a0<\/span><\/p>\n<p>[\/et_pb_text][\/et_pb_column][et_pb_column type=\u00a0\u00bb1_3&Prime; _builder_version=\u00a0\u00bb3.11&Prime; parallax=\u00a0\u00bboff\u00a0\u00bb parallax_method=\u00a0\u00bbon\u00a0\u00bb][et_pb_text _builder_version=\u00a0\u00bb3.11&Prime;]<\/p>\n<p style=\"text-align: center;\"><span style=\"font-size: large; color: #ffffff;\"><strong>Lien direct<\/strong><\/span><\/p>\n<p style=\"text-align: center;\"><span style=\"color: #ffffff;\">Accueil<\/span><\/p>\n<p style=\"text-align: center;\"><span style=\"color: #ffffff;\">Le domaine<\/span><\/p>\n<p style=\"text-align: center;\"><span style=\"color: #ffffff;\">Nos r\u00e9sidences baln\u00e9aires<\/span><\/p>\n<p style=\"text-align: center;\"><span style=\"color: #ffffff;\">Nous contact<\/span><\/p>\n<p style=\"text-align: center;\"><span style=\"color: #ffffff;\">Mon compte<\/span><\/p>\n<p>[\/et_pb_text][\/et_pb_column][et_pb_column type=\u00a0\u00bb1_3&Prime; _builder_version=\u00a0\u00bb3.11&Prime; parallax=\u00a0\u00bboff\u00a0\u00bb parallax_method=\u00a0\u00bbon\u00a0\u00bb][et_pb_text _builder_version=\u00a0\u00bb3.11&Prime;]<\/p>\n<p style=\"text-align: center;\"><span style=\"font-size: large; color: #ffffff;\"><strong>Contact<\/strong><\/span><\/p>\n<p style=\"text-align: center;\"><span style=\"color: #ffffff;\">Adresse : ACI &#8211; Immeuble Nexus Andranobevava &#8211; Antananarivo 101<\/span><\/p>\n<p style=\"text-align: center;\"><span style=\"color: #ffffff;\">T\u00e9l\u00e9phone : +261 34 60 797 90 (WhatsApp)<\/span><\/p>\n<p style=\"text-align: center;\"><span style=\"color: #ffffff;\">Mail : contact@azur-construction-immobiliere.com<\/span><\/p>\n<p>[\/et_pb_text][et_pb_social_media_follow _builder_version=\u00a0\u00bb3.11&Prime; text_orientation=\u00a0\u00bbcenter\u00a0\u00bb][et_pb_social_media_follow_network social_network=\u00a0\u00bbfacebook\u00a0\u00bb _builder_version=\u00a0\u00bb3.11&Prime; background_color=\u00a0\u00bb#3b5998&Prime; follow_button=\u00a0\u00bboff\u00a0\u00bb url_new_window=\u00a0\u00bbon\u00a0\u00bb]facebook[\/et_pb_social_media_follow_network][et_pb_social_media_follow_network social_network=\u00a0\u00bbinstagram\u00a0\u00bb _builder_version=\u00a0\u00bb3.11&Prime; background_color=\u00a0\u00bb#ea2c59&Prime; follow_button=\u00a0\u00bboff\u00a0\u00bb url_new_window=\u00a0\u00bbon\u00a0\u00bb]instagram[\/et_pb_social_media_follow_network][et_pb_social_media_follow_network social_network=\u00a0\u00bblinkedin\u00a0\u00bb _builder_version=\u00a0\u00bb3.11&Prime; background_color=\u00a0\u00bb#007bb6&Prime; follow_button=\u00a0\u00bboff\u00a0\u00bb url_new_window=\u00a0\u00bbon\u00a0\u00bb]linkedin[\/et_pb_social_media_follow_network][\/et_pb_social_media_follow][\/et_pb_column][\/et_pb_row][\/et_pb_section]<\/p>\n","protected":false},"excerpt":{"rendered":"<p>[et_pb_section fb_built=\u00a0\u00bb1&Prime; _builder_version=\u00a0\u00bb3.11&Prime; background_image=\u00a0\u00bbhttp:\/\/www.corossol-graviola.com\/amby\/wp-content\/uploads\/2024\/04\/IRANJA-F-PRINCIPALE-MODIF-VUE-1.jpg\u00a0\u00bb background_blend=\u00a0\u00bbdarken\u00a0\u00bb custom_padding=\u00a0\u00bb78px|0px|78px|0px|false|false\u00a0\u00bb][et_pb_row _builder_version=\u00a0\u00bb3.11&Prime; background_color=\u00a0\u00bbrgba(5,5,5,0.64)\u00a0\u00bb][et_pb_column type=\u00a0\u00bb4_4&Prime; _builder_version=\u00a0\u00bb3.11&Prime; parallax=\u00a0\u00bboff\u00a0\u00bb parallax_method=\u00a0\u00bbon\u00a0\u00bb][et_pb_text _builder_version=\u00a0\u00bb3.11&Prime; header_font=\u00a0\u00bbAllura||||||||\u00a0\u00bb header_text_align=\u00a0\u00bbcenter\u00a0\u00bb header_text_color=\u00a0\u00bb#FFFFFF\u00a0\u00bb header_font_size=\u00a0\u00bb200px\u00a0\u00bb] Votre r\u00e9sidence [\/et_pb_text][\/et_pb_column][\/et_pb_row][\/et_pb_section][et_pb_section fb_built=\u00a0\u00bb1&Prime; _builder_version=\u00a0\u00bb3.11&Prime;][et_pb_row _builder_version=\u00a0\u00bb3.11&Prime; border_radii=\u00a0\u00bbon|30px|30px|30px|30px\u00a0\u00bb][et_pb_column type=\u00a0\u00bb4_4&Prime; _builder_version=\u00a0\u00bb3.11&Prime; parallax=\u00a0\u00bboff\u00a0\u00bb parallax_method=\u00a0\u00bbon\u00a0\u00bb][et_pb_text _builder_version=\u00a0\u00bb3.11&Prime; border_radii=\u00a0\u00bbon|50px|50px|50px|50px\u00a0\u00bb border_width_all=\u00a0\u00bb20px\u00a0\u00bb] Acqu\u00e9rir votre r\u00e9sidence Vente sur plan Acqu\u00e9reur Nationalit\u00e9 malagasy ou Soci\u00e9t\u00e9 immobili\u00e8re * Autres nationalit\u00e9s ou Soci\u00e9t\u00e9 immobili\u00e8re * Droit d&rsquo;enregistrement 5 % 2 [&hellip;]<\/p>\n","protected":false},"author":1,"featured_media":0,"parent":0,"menu_order":0,"comment_status":"closed","ping_status":"closed","template":"","meta":{"footnotes":""},"class_list":["post-289","page","type-page","status-publish","hentry"],"_links":{"self":[{"href":"http:\/\/www.corossol-graviola.com\/amby\/wp-json\/wp\/v2\/pages\/289","targetHints":{"allow":["GET"]}}],"collection":[{"href":"http:\/\/www.corossol-graviola.com\/amby\/wp-json\/wp\/v2\/pages"}],"about":[{"href":"http:\/\/www.corossol-graviola.com\/amby\/wp-json\/wp\/v2\/types\/page"}],"author":[{"embeddable":true,"href":"http:\/\/www.corossol-graviola.com\/amby\/wp-json\/wp\/v2\/users\/1"}],"replies":[{"embeddable":true,"href":"http:\/\/www.corossol-graviola.com\/amby\/wp-json\/wp\/v2\/comments?post=289"}],"version-history":[{"count":43,"href":"http:\/\/www.corossol-graviola.com\/amby\/wp-json\/wp\/v2\/pages\/289\/revisions"}],"predecessor-version":[{"id":2022,"href":"http:\/\/www.corossol-graviola.com\/amby\/wp-json\/wp\/v2\/pages\/289\/revisions\/2022"}],"wp:attachment":[{"href":"http:\/\/www.corossol-graviola.com\/amby\/wp-json\/wp\/v2\/media?parent=289"}],"curies":[{"name":"wp","href":"https:\/\/api.w.org\/{rel}","templated":true}]}}