{"id":276,"date":"2023-07-12T09:11:24","date_gmt":"2023-07-12T09:11:24","guid":{"rendered":"http:\/\/www.corossol-graviola.com\/amby\/?page_id=276"},"modified":"2024-12-03T09:37:14","modified_gmt":"2024-12-03T07:37:14","slug":"le-promoteur","status":"publish","type":"page","link":"http:\/\/www.corossol-graviola.com\/amby\/le-promoteur\/","title":{"rendered":"Le promoteur"},"content":{"rendered":"<p>[et_pb_section fb_built=\u00a0\u00bb1&Prime; _builder_version=\u00a0\u00bb3.11&Prime; background_image=\u00a0\u00bbhttp:\/\/www.corossol-graviola.com\/amby\/wp-content\/uploads\/2023\/11\/MALDIVES-FACADE-PRINCIPALE-VUE-5.jpg\u00a0\u00bb background_blend=\u00a0\u00bbdarken\u00a0\u00bb custom_padding=\u00a0\u00bb78px|0px|78px|0px|false|false\u00a0\u00bb][et_pb_row _builder_version=\u00a0\u00bb3.11&Prime; background_color=\u00a0\u00bbrgba(5,5,5,0.64)\u00a0\u00bb][et_pb_column type=\u00a0\u00bb4_4&Prime; _builder_version=\u00a0\u00bb3.11&Prime; parallax=\u00a0\u00bboff\u00a0\u00bb parallax_method=\u00a0\u00bbon\u00a0\u00bb][et_pb_text _builder_version=\u00a0\u00bb3.11&Prime; header_font=\u00a0\u00bbAllura||||||||\u00a0\u00bb header_text_align=\u00a0\u00bbcenter\u00a0\u00bb header_text_color=\u00a0\u00bb#FFFFFF\u00a0\u00bb header_font_size=\u00a0\u00bb200px\u00a0\u00bb]<\/p>\n<h1>Le Promoteur<\/h1>\n<p>[\/et_pb_text][\/et_pb_column][\/et_pb_row][\/et_pb_section][et_pb_section fb_built=\u00a0\u00bb1&Prime; _builder_version=\u00a0\u00bb3.11&Prime;][et_pb_row _builder_version=\u00a0\u00bb3.11&Prime;][et_pb_column type=\u00a0\u00bb4_4&Prime; _builder_version=\u00a0\u00bb3.11&Prime; parallax=\u00a0\u00bboff\u00a0\u00bb parallax_method=\u00a0\u00bbon\u00a0\u00bb][et_pb_text _builder_version=\u00a0\u00bb3.11&Prime; text_orientation=\u00a0\u00bbcenter\u00a0\u00bb text_font=\u00a0\u00bb||||||||\u00a0\u00bb]<\/p>\n<h2 style=\"text-align: center;\"><span style=\"font-size: x-large;\"><strong>Pr\u00e9sentation\u00a0<\/strong><\/span><\/h2>\n<p>&nbsp;<\/p>\n<p><strong>Nom de la Soci\u00e9t\u00e9 :<\/strong> Azur Construction Immobili\u00e8re &#8211; ACI<\/p>\n<p><strong>Secteur d&rsquo;Activit\u00e9 :<\/strong> Construction immobili\u00e8re.<\/p>\n<p><strong>Localisation :<\/strong> Tout\u00a0 Madagascar<\/p>\n<p><strong>Mission :<\/strong> Cr\u00e9er des espaces de vie uniques et confortables, int\u00e9gr\u00e9s harmonieusement dans l\u2019environnement c\u00f4tier.<\/p>\n<p>&nbsp;<\/p>\n<h2 style=\"text-align: center;\"><strong><span style=\"font-size: x-large;\">Description de l&rsquo;Entreprise<\/span> <\/strong><span style=\"font-size: large;\"><strong><\/strong><\/span><\/h2>\n<p>Dirig\u00e9e par Gilbert Rakotomalala, un serial entrepreneur qui a fait ses preuves en France qu&rsquo;\u00e0 Madagascar, Azur Construction Immobili\u00e8re est une soci\u00e9t\u00e9 de construction\u00a0 dot\u00e9e d&rsquo;une expertise dans la conception et la r\u00e9alisation de bungalows haut de gamme, situ\u00e9s sur le littoral est de Madagascar<\/p>\n<p>Notre entreprise se consacre \u00e0 offrir des habitations de qualit\u00e9 sup\u00e9rieure, id\u00e9ales pour les amoureux de la mer et de la nature.<\/p>\n<p>Nosy Amby, un projet immobilier s&rsquo;\u00e9tendant sur 8.000 m2, est en cours de commercialisation, comprenant 20 lots de 300 m2 de chaque.<\/p>\n<p>D&rsquo;autres projets verront le jour d\u00e9but 2025 c\u00f4t\u00e9 Ambatobe Antananarivo sur une superficie de plus de 20.000 m2.<\/p>\n<p>\u00a0<strong style=\"font-size: x-large;\">Localisation<\/strong><\/p>\n<p>\u00a0<span style=\"font-size: medium;\"><a href=\"https:\/\/maps.app.goo.gl\/fhr7uS1gbX666XUk7\">-18.873990, 49.142060.<\/a> <\/span><\/p>\n<p><strong><span style=\"font-size: large;\"><\/span><\/strong><\/p>\n<h2 style=\"text-align: center;\"><strong><span style=\"font-size: x-large;\">Sp\u00e9cialisation <\/span><br \/> <\/strong><\/h2>\n<p>\u00a0Nous nous sp\u00e9cialisons dans la construction de bungalows, con\u00e7us pour maximiser le confort et l\u2019authenticit\u00e9, tout en respectant l\u2019environnement naturel. Nos constructions se distinguent par leur architecture en harmonie avec le paysage, utilisant des mat\u00e9riaux durables et locaux.<\/p>\n<p>&nbsp;<\/p>\n<h2 style=\"text-align: center;\"><span style=\"font-size: medium;\"><strong><span style=\"font-size: x-large;\">Maison T\u00e9moin <\/span><\/strong><\/span><\/h2>\n<p>\u00a0Pour illustrer notre savoir-faire, nous vous invitons \u00e0 visiter notre maison t\u00e9moin, situ\u00e9e \u00e0 proximit\u00e9 des plages idylliques de la c\u00f4te est de Madagascar. Cette maison t\u00e9moin refl\u00e8te parfaitement notre engagement envers la qualit\u00e9 et le design durable. Elle est dot\u00e9e de toutes les commodit\u00e9s modernes, tout en conservant une esth\u00e9tique simple et \u00e9l\u00e9gante, propre aux bungalows traditionnels et modernes \u00e0 la fois.<\/p>\n<p>&nbsp;<\/p>\n<h2 style=\"text-align: center;\"><span style=\"font-size: large;\"><span style=\"font-size: x-large;\"><strong>Engagement Environnemental <\/strong><\/span><strong><\/strong><\/span><\/h2>\n<p>\u00a0Chez Azur Construction Immobili\u00e8re, nous sommes profond\u00e9ment engag\u00e9s dans la pr\u00e9servation de l&rsquo;environnement. Chaque projet est con\u00e7u pour minimiser l&rsquo;impact \u00e9cologique, avec une attention particuli\u00e8re port\u00e9e \u00e0 la gestion des ressources et \u00e0 l\u2019int\u00e9gration paysag\u00e8re.<\/p>\n<p>&nbsp;<\/p>\n<h2 style=\"text-align: center;\"><span style=\"font-size: large;\"><strong><span style=\"font-size: x-large;\">Contact<\/span> <\/strong><\/span><\/h2>\n<p>\u00a0<strong>ACI &#8211; Azur Construction Immobili\u00e8re<\/strong><\/p>\n<p>\u00a0<strong>Stat 21004 11 2015 0 00951\u00a0 NIF 6001889948<\/strong><\/p>\n<ul>\n<li><strong>Adresse : c\/o B\u00e2timent Nexus<\/strong>, Andronobevava 101 Antananarivo Madagascar<\/li>\n<li><strong>T\u00e9l\u00e9phone :<\/strong> +2613 4607 9790<\/li>\n<li><strong>Email :<\/strong> contact@azur-construction-immobilier.com<\/li>\n<li><strong>Site Web :<\/strong> <u><a href=\"http:\/\/www.azur-construction-immobilier.com\">www.azur-construction-immobilier.com<\/a><\/u><\/li>\n<\/ul>\n<p>&nbsp;<\/p>\n<p>&nbsp;<\/p>\n<p>&nbsp;<\/p>\n<p>[\/et_pb_text][\/et_pb_column][\/et_pb_row][\/et_pb_section][et_pb_section fb_built=\u00a0\u00bb1&Prime; _builder_version=\u00a0\u00bb3.11&Prime; background_color=\u00a0\u00bb#0c71c3&Prime; custom_padding=\u00a0\u00bb54px|0px|0|0px|false|false\u00a0\u00bb top_divider_style=\u00a0\u00bbarrow3&Prime; top_divider_color=\u00a0\u00bb#ffffff\u00a0\u00bb top_divider_height=\u00a0\u00bb61px\u00a0\u00bb global_module=\u00a0\u00bb1992&Prime; saved_tabs=\u00a0\u00bball\u00a0\u00bb][et_pb_row make_fullwidth=\u00a0\u00bbon\u00a0\u00bb _builder_version=\u00a0\u00bb3.11&Prime;][et_pb_column type=\u00a0\u00bb1_3&Prime; _builder_version=\u00a0\u00bb3.11&Prime; parallax=\u00a0\u00bboff\u00a0\u00bb parallax_method=\u00a0\u00bbon\u00a0\u00bb][et_pb_image src=\u00a0\u00bbhttp:\/\/www.corossol-graviola.com\/amby\/wp-content\/uploads\/2024\/08\/logo-aci.png\u00a0\u00bb _builder_version=\u00a0\u00bb3.11&Prime; max_width=\u00a0\u00bb54%\u00a0\u00bb][\/et_pb_image][et_pb_text _builder_version=\u00a0\u00bb3.11&Prime;]<\/p>\n<p style=\"text-align: justify;\"><span style=\"font-size: large;\"><strong><span style=\"color: #ffffff;\">Azur Construction Immobili\u00e8re<\/span><\/strong><\/span><\/p>\n<p style=\"text-align: justify;\"><span style=\"color: #ffffff;\">Soci\u00e9t\u00e9 de promotion immobili\u00e8re bas\u00e9e \u00e0 Madagascar et op\u00e9rant dans le secteur touristique.<\/span><\/p>\n<p style=\"text-align: justify;\"><span style=\"color: #ffffff;\">Notre mission : Cr\u00e9er des espaces de vie uniques et confortables, int\u00e9gr\u00e9s harmonieusement dans l\u2019environnement c\u00f4tier.<\/span><\/p>\n<p style=\"text-align: justify;\"><span style=\"color: #ffffff;\">\u00a0<\/span><\/p>\n<p>[\/et_pb_text][\/et_pb_column][et_pb_column type=\u00a0\u00bb1_3&Prime; _builder_version=\u00a0\u00bb3.11&Prime; parallax=\u00a0\u00bboff\u00a0\u00bb parallax_method=\u00a0\u00bbon\u00a0\u00bb][et_pb_text _builder_version=\u00a0\u00bb3.11&Prime;]<\/p>\n<p style=\"text-align: center;\"><span style=\"font-size: large; color: #ffffff;\"><strong>Lien direct<\/strong><\/span><\/p>\n<p style=\"text-align: center;\"><span style=\"color: #ffffff;\">Accueil<\/span><\/p>\n<p style=\"text-align: center;\"><span style=\"color: #ffffff;\">Le domaine<\/span><\/p>\n<p style=\"text-align: center;\"><span style=\"color: #ffffff;\">Nos r\u00e9sidences baln\u00e9aires<\/span><\/p>\n<p style=\"text-align: center;\"><span style=\"color: #ffffff;\">Nous contact<\/span><\/p>\n<p style=\"text-align: center;\"><span style=\"color: #ffffff;\">Mon compte<\/span><\/p>\n<p>[\/et_pb_text][\/et_pb_column][et_pb_column type=\u00a0\u00bb1_3&Prime; _builder_version=\u00a0\u00bb3.11&Prime; parallax=\u00a0\u00bboff\u00a0\u00bb parallax_method=\u00a0\u00bbon\u00a0\u00bb][et_pb_text _builder_version=\u00a0\u00bb3.11&Prime;]<\/p>\n<p style=\"text-align: center;\"><span style=\"font-size: large; color: #ffffff;\"><strong>Contact<\/strong><\/span><\/p>\n<p style=\"text-align: center;\"><span style=\"color: #ffffff;\">Adresse : ACI &#8211; Immeuble Nexus Andranobevava &#8211; Antananarivo 101<\/span><\/p>\n<p style=\"text-align: center;\"><span style=\"color: #ffffff;\">T\u00e9l\u00e9phone : +261 34 60 797 90 (WhatsApp)<\/span><\/p>\n<p style=\"text-align: center;\"><span style=\"color: #ffffff;\">Mail : contact@azur-construction-immobiliere.com<\/span><\/p>\n<p>[\/et_pb_text][et_pb_social_media_follow _builder_version=\u00a0\u00bb3.11&Prime; text_orientation=\u00a0\u00bbcenter\u00a0\u00bb][et_pb_social_media_follow_network social_network=\u00a0\u00bbfacebook\u00a0\u00bb _builder_version=\u00a0\u00bb3.11&Prime; background_color=\u00a0\u00bb#3b5998&Prime; follow_button=\u00a0\u00bboff\u00a0\u00bb url_new_window=\u00a0\u00bbon\u00a0\u00bb]facebook[\/et_pb_social_media_follow_network][et_pb_social_media_follow_network social_network=\u00a0\u00bbinstagram\u00a0\u00bb _builder_version=\u00a0\u00bb3.11&Prime; background_color=\u00a0\u00bb#ea2c59&Prime; follow_button=\u00a0\u00bboff\u00a0\u00bb url_new_window=\u00a0\u00bbon\u00a0\u00bb]instagram[\/et_pb_social_media_follow_network][et_pb_social_media_follow_network social_network=\u00a0\u00bblinkedin\u00a0\u00bb _builder_version=\u00a0\u00bb3.11&Prime; background_color=\u00a0\u00bb#007bb6&Prime; follow_button=\u00a0\u00bboff\u00a0\u00bb url_new_window=\u00a0\u00bbon\u00a0\u00bb]linkedin[\/et_pb_social_media_follow_network][\/et_pb_social_media_follow][\/et_pb_column][\/et_pb_row][\/et_pb_section]<\/p>\n","protected":false},"excerpt":{"rendered":"<p>[et_pb_section fb_built=\u00a0\u00bb1&Prime; _builder_version=\u00a0\u00bb3.11&Prime; background_image=\u00a0\u00bbhttp:\/\/www.corossol-graviola.com\/amby\/wp-content\/uploads\/2023\/11\/MALDIVES-FACADE-PRINCIPALE-VUE-5.jpg\u00a0\u00bb background_blend=\u00a0\u00bbdarken\u00a0\u00bb custom_padding=\u00a0\u00bb78px|0px|78px|0px|false|false\u00a0\u00bb][et_pb_row _builder_version=\u00a0\u00bb3.11&Prime; background_color=\u00a0\u00bbrgba(5,5,5,0.64)\u00a0\u00bb][et_pb_column type=\u00a0\u00bb4_4&Prime; _builder_version=\u00a0\u00bb3.11&Prime; parallax=\u00a0\u00bboff\u00a0\u00bb parallax_method=\u00a0\u00bbon\u00a0\u00bb][et_pb_text _builder_version=\u00a0\u00bb3.11&Prime; header_font=\u00a0\u00bbAllura||||||||\u00a0\u00bb header_text_align=\u00a0\u00bbcenter\u00a0\u00bb header_text_color=\u00a0\u00bb#FFFFFF\u00a0\u00bb header_font_size=\u00a0\u00bb200px\u00a0\u00bb] Le Promoteur [\/et_pb_text][\/et_pb_column][\/et_pb_row][\/et_pb_section][et_pb_section fb_built=\u00a0\u00bb1&Prime; _builder_version=\u00a0\u00bb3.11&Prime;][et_pb_row _builder_version=\u00a0\u00bb3.11&Prime;][et_pb_column type=\u00a0\u00bb4_4&Prime; _builder_version=\u00a0\u00bb3.11&Prime; parallax=\u00a0\u00bboff\u00a0\u00bb parallax_method=\u00a0\u00bbon\u00a0\u00bb][et_pb_text _builder_version=\u00a0\u00bb3.11&Prime; text_orientation=\u00a0\u00bbcenter\u00a0\u00bb text_font=\u00a0\u00bb||||||||\u00a0\u00bb] Pr\u00e9sentation\u00a0 &nbsp; Nom de la Soci\u00e9t\u00e9 : Azur Construction Immobili\u00e8re &#8211; ACI Secteur d&rsquo;Activit\u00e9 : Construction immobili\u00e8re. Localisation : Tout\u00a0 Madagascar Mission : Cr\u00e9er des [&hellip;]<\/p>\n","protected":false},"author":1,"featured_media":0,"parent":0,"menu_order":0,"comment_status":"closed","ping_status":"closed","template":"","meta":{"footnotes":""},"class_list":["post-276","page","type-page","status-publish","hentry"],"_links":{"self":[{"href":"http:\/\/www.corossol-graviola.com\/amby\/wp-json\/wp\/v2\/pages\/276","targetHints":{"allow":["GET"]}}],"collection":[{"href":"http:\/\/www.corossol-graviola.com\/amby\/wp-json\/wp\/v2\/pages"}],"about":[{"href":"http:\/\/www.corossol-graviola.com\/amby\/wp-json\/wp\/v2\/types\/page"}],"author":[{"embeddable":true,"href":"http:\/\/www.corossol-graviola.com\/amby\/wp-json\/wp\/v2\/users\/1"}],"replies":[{"embeddable":true,"href":"http:\/\/www.corossol-graviola.com\/amby\/wp-json\/wp\/v2\/comments?post=276"}],"version-history":[{"count":32,"href":"http:\/\/www.corossol-graviola.com\/amby\/wp-json\/wp\/v2\/pages\/276\/revisions"}],"predecessor-version":[{"id":2031,"href":"http:\/\/www.corossol-graviola.com\/amby\/wp-json\/wp\/v2\/pages\/276\/revisions\/2031"}],"wp:attachment":[{"href":"http:\/\/www.corossol-graviola.com\/amby\/wp-json\/wp\/v2\/media?parent=276"}],"curies":[{"name":"wp","href":"https:\/\/api.w.org\/{rel}","templated":true}]}}