{"id":266,"date":"2023-07-12T08:58:38","date_gmt":"2023-07-12T08:58:38","guid":{"rendered":"http:\/\/www.corossol-graviola.com\/amby\/?page_id=266"},"modified":"2025-02-11T08:03:29","modified_gmt":"2025-02-11T06:03:29","slug":"borneo","status":"publish","type":"page","link":"http:\/\/www.corossol-graviola.com\/amby\/borneo\/","title":{"rendered":"Borneo"},"content":{"rendered":"<p>[et_pb_section fb_built=\u00a0\u00bb1&Prime; _builder_version=\u00a0\u00bb3.11&Prime; background_image=\u00a0\u00bbhttp:\/\/www.corossol-graviola.com\/amby\/wp-content\/uploads\/2023\/11\/Borneo-slide-facade-sud.jpg\u00a0\u00bb background_blend=\u00a0\u00bbdarken\u00a0\u00bb custom_padding=\u00a0\u00bb0px|0px|0|0px|false|false\u00a0\u00bb][et_pb_row custom_padding=\u00a0\u00bb0|0px|0|0px|false|false\u00a0\u00bb _builder_version=\u00a0\u00bb3.11&Prime; background_color=\u00a0\u00bbrgba(41,244,163,0.45)\u00a0\u00bb][et_pb_column type=\u00a0\u00bb4_4&Prime; _builder_version=\u00a0\u00bb3.11&Prime; parallax=\u00a0\u00bboff\u00a0\u00bb parallax_method=\u00a0\u00bbon\u00a0\u00bb][et_pb_text _builder_version=\u00a0\u00bb3.11&Prime; header_font=\u00a0\u00bbAllura||||||||\u00a0\u00bb header_text_align=\u00a0\u00bbcenter\u00a0\u00bb header_text_color=\u00a0\u00bb#FFFFFF\u00a0\u00bb header_font_size=\u00a0\u00bb60px\u00a0\u00bb]<\/p>\n<h1>Bungalow t\u00e9moin<\/h1>\n<p>[\/et_pb_text][\/et_pb_column][\/et_pb_row][et_pb_row custom_padding=\u00a0\u00bb0|0px|0|0px|false|false\u00a0\u00bb custom_margin=\u00a0\u00bb800px|||\u00a0\u00bb _builder_version=\u00a0\u00bb3.11&Prime; background_color=\u00a0\u00bbrgba(5,5,5,0.45)\u00a0\u00bb][et_pb_column type=\u00a0\u00bb4_4&Prime; _builder_version=\u00a0\u00bb3.11&Prime; parallax=\u00a0\u00bboff\u00a0\u00bb parallax_method=\u00a0\u00bbon\u00a0\u00bb][et_pb_text _builder_version=\u00a0\u00bb3.11&Prime; header_font=\u00a0\u00bbAllura||||||||\u00a0\u00bb header_text_align=\u00a0\u00bbcenter\u00a0\u00bb header_text_color=\u00a0\u00bb#FFFFFF\u00a0\u00bb header_font_size=\u00a0\u00bb60px\u00a0\u00bb]<\/p>\n<h1>Born\u00e9o R\u00e9sidence<\/h1>\n<p>[\/et_pb_text][\/et_pb_column][\/et_pb_row][\/et_pb_section][et_pb_section fb_built=\u00a0\u00bb1&Prime; _builder_version=\u00a0\u00bb3.11&Prime; custom_padding=\u00a0\u00bb0|0px|0|0px|false|false\u00a0\u00bb][et_pb_row custom_width_px=\u00a0\u00bb1203px\u00a0\u00bb custom_padding=\u00a0\u00bb25.25px|0px|8px|0px|false|false\u00a0\u00bb _builder_version=\u00a0\u00bb3.11&Prime; module_alignment=\u00a0\u00bbcenter\u00a0\u00bb][et_pb_column type=\u00a0\u00bb1_2&Prime; _builder_version=\u00a0\u00bb3.11&Prime; parallax=\u00a0\u00bboff\u00a0\u00bb parallax_method=\u00a0\u00bbon\u00a0\u00bb][et_pb_image src=\u00a0\u00bbhttp:\/\/www.corossol-graviola.com\/amby\/wp-content\/uploads\/2023\/11\/Borneo-nord-ouest.jpg\u00a0\u00bb admin_label=\u00a0\u00bbVue au salon\u00a0\u00bb _builder_version=\u00a0\u00bb3.11&Prime; max_width=\u00a0\u00bb93%\u00a0\u00bb][\/et_pb_image][\/et_pb_column][et_pb_column type=\u00a0\u00bb1_2&Prime; _builder_version=\u00a0\u00bb3.11&Prime; parallax=\u00a0\u00bboff\u00a0\u00bb parallax_method=\u00a0\u00bbon\u00a0\u00bb][et_pb_text _builder_version=\u00a0\u00bb3.11&Prime; text_font=\u00a0\u00bb||||||||\u00a0\u00bb header_font=\u00a0\u00bb||||||||\u00a0\u00bb header_font_size=\u00a0\u00bb58px\u00a0\u00bb header_6_font=\u00a0\u00bb||||||||\u00a0\u00bb]<strong>Born\u00e9o R\u00e9sidence<\/strong>[\/et_pb_text][et_pb_text _builder_version=\u00a0\u00bb3.11&Prime; text_font=\u00a0\u00bb||||||||\u00a0\u00bb link_font=\u00a0\u00bb||||||||\u00a0\u00bb ul_font=\u00a0\u00bb||||||||\u00a0\u00bb ol_font=\u00a0\u00bb||||||||\u00a0\u00bb quote_font=\u00a0\u00bb||||||||\u00a0\u00bb header_font=\u00a0\u00bb||||||||\u00a0\u00bb header_2_font=\u00a0\u00bb||||||||\u00a0\u00bb header_3_font=\u00a0\u00bb||||||||\u00a0\u00bb header_4_font=\u00a0\u00bb||||||||\u00a0\u00bb header_5_font=\u00a0\u00bb||||||||\u00a0\u00bb header_6_font=\u00a0\u00bb||||||||\u00a0\u00bb]Bienvenue chez Born\u00e9o R\u00e9sidence, un bungalow d&rsquo;exception nich\u00e9e sur pilotis, offrant une vue imprenable sur le magnifique canal de Pangalanes et l&rsquo;immensit\u00e9 envo\u00fbtante de l&rsquo;oc\u00e9an Indien. Ce bungalow t\u00e9moin incarne le mariage parfait entre le confort moderne et l&rsquo;exotisme tropical.<\/p>\n<p>D\u00e8s l&rsquo;instant o\u00f9 vous franchissez la porte, vous serez envelopp\u00e9 par une atmosph\u00e8re de luxe d\u00e9contract\u00e9. Les espaces de vie sont baign\u00e9s de lumi\u00e8re naturelle, mettant en valeur une d\u00e9coration contemporaine aux accents locaux. Les grandes baies vitr\u00e9es offrent une vue panoramique sur le canal d&rsquo;un c\u00f4t\u00e9 et l&rsquo;oc\u00e9an de l&rsquo;autre, cr\u00e9ant une exp\u00e9rience immersive qui vous connecte \u00e0 la nature environnante.<\/p>\n<p>La terrasse spacieuse sur pilotis offre un lieu de d\u00e9tente id\u00e9al pour admirer les levers et les couchers de soleil spectaculaires, tout en savourant les douces brises venues de l&rsquo;oc\u00e9an. Imaginez-vous en train de siroter votre caf\u00e9 du matin ou d\u00e9guster un repas en plein air tout en \u00e9tant berc\u00e9 par le murmure apaisant de l&rsquo;eau sous le bungalow.[\/et_pb_text][\/et_pb_column][\/et_pb_row][et_pb_row _builder_version=\u00a0\u00bb3.11&Prime;][et_pb_column type=\u00a0\u00bb4_4&Prime; _builder_version=\u00a0\u00bb3.11&Prime; parallax=\u00a0\u00bboff\u00a0\u00bb parallax_method=\u00a0\u00bbon\u00a0\u00bb][et_pb_text _builder_version=\u00a0\u00bb3.11&Prime;]<b>Born\u00e9o r\u00e9sidence est form\u00e9e d&rsquo;un assemblage de deux hexagones, qui ont un c\u00f4t\u00e9 de 4 m de chaque.<\/b><\/p>\n<p>Quatre baies vitr\u00e9es long de 16,40 m composent les 4 faces longeant le Canal de Pangalanes..<br \/>\nSa surface totale est de 85 m2 qui se d\u00e9compose de:<\/p>\n<ul>\n<li>4 chambres modernes avec des marquetteries de pierre d&rsquo;une surface respective de 13.40, 10.60, 11.60, et 9,00 m2<\/li>\n<li>d&rsquo;un living et espace cuisine de 28 m2<\/li>\n<li>d&rsquo;un v\u00e9randa d&rsquo;une surface de 8.50 m2 et se donnant devant le Canal de Pangalanes.<br \/>\nd&rsquo;une salle d&rsquo;eau de 3.90 m2<\/li>\n<li>Elle b\u00e9n\u00e9ficie d&rsquo;un pied dans le Canal et poss\u00e9de un plage de 40 m2 et d&rsquo;une douche ext\u00e9rieure.<\/li>\n<\/ul>\n<p>[\/et_pb_text][\/et_pb_column][\/et_pb_row][\/et_pb_section][et_pb_section fb_built=\u00a0\u00bb1&Prime; admin_label=\u00a0\u00bbVue au salon\u00a0\u00bb _builder_version=\u00a0\u00bb3.11&Prime; custom_padding=\u00a0\u00bb2px|0px|0|0px|false|false\u00a0\u00bb][et_pb_row custom_padding=\u00a0\u00bb2px|0px|0|0px|false|false\u00a0\u00bb _builder_version=\u00a0\u00bb3.11&Prime;][et_pb_column type=\u00a0\u00bb1_2&Prime; _builder_version=\u00a0\u00bb3.11&Prime; parallax=\u00a0\u00bboff\u00a0\u00bb parallax_method=\u00a0\u00bbon\u00a0\u00bb][et_pb_image src=\u00a0\u00bbhttp:\/\/www.corossol-graviola.com\/amby\/wp-content\/uploads\/2023\/11\/borneo-sud-1.jpg\u00a0\u00bb _builder_version=\u00a0\u00bb3.11&Prime;][\/et_pb_image][et_pb_text _builder_version=\u00a0\u00bb3.11&Prime;]<\/p>\n<p style=\"text-align: center;\"><strong>Vue fa\u00e7ade sud<\/strong><\/p>\n<p>[\/et_pb_text][\/et_pb_column][et_pb_column type=\u00a0\u00bb1_2&Prime; _builder_version=\u00a0\u00bb3.11&Prime; parallax=\u00a0\u00bboff\u00a0\u00bb parallax_method=\u00a0\u00bbon\u00a0\u00bb][et_pb_image src=\u00a0\u00bbhttp:\/\/www.corossol-graviola.com\/amby\/wp-content\/uploads\/2023\/11\/Borneo-prple-ouest-1.jpg\u00a0\u00bb _builder_version=\u00a0\u00bb3.11&Prime;][\/et_pb_image][et_pb_text _builder_version=\u00a0\u00bb3.11&Prime;]<\/p>\n<p style=\"text-align: center;\"><strong>Veranda &#8211; Vue fa\u00e7ade principale ouest<\/strong><\/p>\n<p>[\/et_pb_text][\/et_pb_column][\/et_pb_row][\/et_pb_section][et_pb_section fb_built=\u00a0\u00bb1&Prime; admin_label=\u00a0\u00bbVue au salon\u00a0\u00bb _builder_version=\u00a0\u00bb3.11&Prime; custom_padding=\u00a0\u00bb2px|0px|0|0px|false|false\u00a0\u00bb][et_pb_row custom_padding=\u00a0\u00bb2px|0px|0|0px|false|false\u00a0\u00bb _builder_version=\u00a0\u00bb3.11&Prime;][et_pb_column type=\u00a0\u00bb1_2&Prime; _builder_version=\u00a0\u00bb3.11&Prime; parallax=\u00a0\u00bboff\u00a0\u00bb parallax_method=\u00a0\u00bbon\u00a0\u00bb][et_pb_image src=\u00a0\u00bbhttp:\/\/www.corossol-graviola.com\/amby\/wp-content\/uploads\/2023\/07\/RODRIGUE-SALON-VUE-3.png\u00a0\u00bb _builder_version=\u00a0\u00bb3.11&Prime;][\/et_pb_image][et_pb_text _builder_version=\u00a0\u00bb3.11&Prime;]<\/p>\n<p style=\"text-align: center;\"><strong>Chambre 1 nord<\/strong><\/p>\n<p>[\/et_pb_text][\/et_pb_column][et_pb_column type=\u00a0\u00bb1_2&Prime; _builder_version=\u00a0\u00bb3.11&Prime; parallax=\u00a0\u00bboff\u00a0\u00bb parallax_method=\u00a0\u00bbon\u00a0\u00bb][et_pb_image src=\u00a0\u00bbhttp:\/\/www.corossol-graviola.com\/amby\/wp-content\/uploads\/2023\/11\/Borneo-slide-facade-sud.jpg\u00a0\u00bb _builder_version=\u00a0\u00bb3.11&Prime;][\/et_pb_image][et_pb_text _builder_version=\u00a0\u00bb3.11&Prime;]<\/p>\n<p style=\"text-align: center;\"><strong>Veranda &#8211; Vue fa\u00e7ade principale sud ouest<\/strong><\/p>\n<p>[\/et_pb_text][\/et_pb_column][\/et_pb_row][\/et_pb_section][et_pb_section fb_built=\u00a0\u00bb1&Prime; admin_label=\u00a0\u00bbVue au salon\u00a0\u00bb _builder_version=\u00a0\u00bb3.11&Prime; custom_padding=\u00a0\u00bb2px|0|0|0px|false|false\u00a0\u00bb][et_pb_row custom_padding=\u00a0\u00bb2px|0px|0|0px|false|false\u00a0\u00bb _builder_version=\u00a0\u00bb3.11&Prime;][et_pb_column type=\u00a0\u00bb1_2&Prime; _builder_version=\u00a0\u00bb3.11&Prime; parallax=\u00a0\u00bboff\u00a0\u00bb parallax_method=\u00a0\u00bbon\u00a0\u00bb][et_pb_image src=\u00a0\u00bbhttp:\/\/www.corossol-graviola.com\/amby\/wp-content\/uploads\/2023\/11\/Borneo-vue-aerienne-toit.jpg\u00a0\u00bb _builder_version=\u00a0\u00bb3.11&Prime;][\/et_pb_image][et_pb_text _builder_version=\u00a0\u00bb3.11&Prime;]<\/p>\n<p style=\"text-align: center;\"><strong>Vue a\u00e9rienne du toit -fusion deux h\u00e9xagonales<\/strong><\/p>\n<p>[\/et_pb_text][\/et_pb_column][et_pb_column type=\u00a0\u00bb1_2&Prime; _builder_version=\u00a0\u00bb3.11&Prime; parallax=\u00a0\u00bboff\u00a0\u00bb parallax_method=\u00a0\u00bbon\u00a0\u00bb][et_pb_image src=\u00a0\u00bbhttp:\/\/www.corossol-graviola.com\/amby\/wp-content\/uploads\/2023\/11\/Borneo-vue-aerienne-nord.jpg\u00a0\u00bb _builder_version=\u00a0\u00bb3.11&Prime;][\/et_pb_image][et_pb_text _builder_version=\u00a0\u00bb3.11&Prime;]<\/p>\n<p style=\"text-align: center;\"><strong>Vue a\u00e9rienne nord<\/strong><\/p>\n<p>[\/et_pb_text][\/et_pb_column][\/et_pb_row][\/et_pb_section][et_pb_section fb_built=\u00a0\u00bb1&Prime; admin_label=\u00a0\u00bbVue au salon\u00a0\u00bb _builder_version=\u00a0\u00bb3.11&Prime; custom_padding=\u00a0\u00bb2px|0px|0|0px|false|false\u00a0\u00bb][et_pb_row custom_padding=\u00a0\u00bb2px|0px|0|0px|false|false\u00a0\u00bb _builder_version=\u00a0\u00bb3.11&Prime;][et_pb_column type=\u00a0\u00bb1_2&Prime; _builder_version=\u00a0\u00bb3.11&Prime; parallax=\u00a0\u00bboff\u00a0\u00bb parallax_method=\u00a0\u00bbon\u00a0\u00bb][et_pb_image src=\u00a0\u00bbhttp:\/\/www.corossol-graviola.com\/amby\/wp-content\/uploads\/2023\/11\/borneo-sud-2.jpg\u00a0\u00bb _builder_version=\u00a0\u00bb3.11&Prime;][\/et_pb_image][et_pb_text _builder_version=\u00a0\u00bb3.11&Prime;]<\/p>\n<p style=\"text-align: center;\"><strong>Vue fa\u00e7ade sud<\/strong><\/p>\n<p>[\/et_pb_text][\/et_pb_column][et_pb_column type=\u00a0\u00bb1_2&Prime; _builder_version=\u00a0\u00bb3.11&Prime; parallax=\u00a0\u00bboff\u00a0\u00bb parallax_method=\u00a0\u00bbon\u00a0\u00bb][et_pb_image src=\u00a0\u00bbhttp:\/\/www.corossol-graviola.com\/amby\/wp-content\/uploads\/2023\/11\/Borneo-ouest-2.jpg\u00a0\u00bb _builder_version=\u00a0\u00bb3.11&Prime;][\/et_pb_image][et_pb_text _builder_version=\u00a0\u00bb3.11&Prime;]<\/p>\n<p style=\"text-align: center;\"><strong>Vue a\u00e9rienne fa\u00e7ade principale ouest<\/strong><\/p>\n<p>[\/et_pb_text][\/et_pb_column][\/et_pb_row][\/et_pb_section][et_pb_section fb_built=\u00a0\u00bb1&Prime; admin_label=\u00a0\u00bbVue au salon\u00a0\u00bb _builder_version=\u00a0\u00bb3.11&Prime; custom_padding=\u00a0\u00bb2px|0px|0|0px|false|false\u00a0\u00bb][et_pb_row custom_padding=\u00a0\u00bb2px|0px|0|0px|false|false\u00a0\u00bb _builder_version=\u00a0\u00bb3.11&Prime;][et_pb_column type=\u00a0\u00bb1_2&Prime; _builder_version=\u00a0\u00bb3.11&Prime; parallax=\u00a0\u00bboff\u00a0\u00bb parallax_method=\u00a0\u00bbon\u00a0\u00bb][et_pb_image _builder_version=\u00a0\u00bb3.11&Prime;][\/et_pb_image][et_pb_text _builder_version=\u00a0\u00bb3.11&Prime;]<strong>Options en sus:<\/strong><\/p>\n<p style=\"text-align: center;\">Lot terrain au choix, piscine, plage, chalet, douche ext\u00e9rieure, coin barbecue, terrasse, escalier ext\u00e9rieur, jardin et am\u00e9nagement ext\u00e9rieurs&#8230;<div class=\"woocommerce columns-4\"><ul class=\"products columns-4\">\n<li class=\"product-category product first\">\n\t<a aria-label=\"Acc\u00e9der \u00e0 la cat\u00e9gorie de produits All\u00e9e\" href=\"http:\/\/www.corossol-graviola.com\/amby\/categorie-produit\/allee\/\"><img loading=\"lazy\" decoding=\"async\" src=\"http:\/\/www.corossol-graviola.com\/amby\/wp-content\/uploads\/2024\/07\/categ-allee.jpg\" alt=\"All\u00e9e\" width=\"300\" height=\"300\" \/>\t\t<h2 class=\"woocommerce-loop-category__title\">\n\t\t\tAll\u00e9e <mark class=\"count\">(5)<\/mark>\t\t<\/h2>\n\t\t<\/a><\/li>\n<li class=\"product-category product\">\n\t<a aria-label=\"Acc\u00e9der \u00e0 la cat\u00e9gorie de produits Choix du terrain\" href=\"http:\/\/www.corossol-graviola.com\/amby\/categorie-produit\/terrain\/\"><img loading=\"lazy\" decoding=\"async\" src=\"http:\/\/www.corossol-graviola.com\/amby\/wp-content\/uploads\/2024\/07\/categ-terrain.jpg\" alt=\"Choix du terrain\" width=\"300\" height=\"300\" \/>\t\t<h2 class=\"woocommerce-loop-category__title\">\n\t\t\tChoix du terrain <mark class=\"count\">(20)<\/mark>\t\t<\/h2>\n\t\t<\/a><\/li>\n<li class=\"product-category product\">\n\t<a aria-label=\"Acc\u00e9der \u00e0 la cat\u00e9gorie de produits Coin barbecue\" href=\"http:\/\/www.corossol-graviola.com\/amby\/categorie-produit\/barbecue\/\"><img loading=\"lazy\" decoding=\"async\" src=\"http:\/\/www.corossol-graviola.com\/amby\/wp-content\/uploads\/2024\/07\/categ-barbecue.jpg\" alt=\"Coin barbecue\" width=\"300\" height=\"300\" \/>\t\t<h2 class=\"woocommerce-loop-category__title\">\n\t\t\tCoin barbecue <mark class=\"count\">(5)<\/mark>\t\t<\/h2>\n\t\t<\/a><\/li>\n<li class=\"product-category product last\">\n\t<a aria-label=\"Acc\u00e9der \u00e0 la cat\u00e9gorie de produits Cuisine ext\u00e9rieure\" href=\"http:\/\/www.corossol-graviola.com\/amby\/categorie-produit\/cuisine\/\"><img loading=\"lazy\" decoding=\"async\" src=\"http:\/\/www.corossol-graviola.com\/amby\/wp-content\/uploads\/2024\/07\/categ-chalet.jpg\" alt=\"Cuisine ext\u00e9rieure\" width=\"300\" height=\"300\" \/>\t\t<h2 class=\"woocommerce-loop-category__title\">\n\t\t\tCuisine ext\u00e9rieure <mark class=\"count\">(7)<\/mark>\t\t<\/h2>\n\t\t<\/a><\/li>\n<li class=\"product-category product first\">\n\t<a aria-label=\"Acc\u00e9der \u00e0 la cat\u00e9gorie de produits Douche ext\u00e9rieure\" href=\"http:\/\/www.corossol-graviola.com\/amby\/categorie-produit\/douche-2\/\"><img loading=\"lazy\" decoding=\"async\" src=\"http:\/\/www.corossol-graviola.com\/amby\/wp-content\/uploads\/2024\/07\/categ-douche.jpg\" alt=\"Douche ext\u00e9rieure\" width=\"300\" height=\"300\" \/>\t\t<h2 class=\"woocommerce-loop-category__title\">\n\t\t\tDouche ext\u00e9rieure <mark class=\"count\">(5)<\/mark>\t\t<\/h2>\n\t\t<\/a><\/li>\n<li class=\"product-category product\">\n\t<a aria-label=\"Acc\u00e9der \u00e0 la cat\u00e9gorie de produits Patio\" href=\"http:\/\/www.corossol-graviola.com\/amby\/categorie-produit\/patio\/\"><img loading=\"lazy\" decoding=\"async\" src=\"http:\/\/www.corossol-graviola.com\/amby\/wp-content\/uploads\/2024\/07\/categ-patio.jpg\" alt=\"Patio\" width=\"300\" height=\"300\" \/>\t\t<h2 class=\"woocommerce-loop-category__title\">\n\t\t\tPatio <mark class=\"count\">(6)<\/mark>\t\t<\/h2>\n\t\t<\/a><\/li>\n<li class=\"product-category product\">\n\t<a aria-label=\"Acc\u00e9der \u00e0 la cat\u00e9gorie de produits Piscine\" href=\"http:\/\/www.corossol-graviola.com\/amby\/categorie-produit\/piscine\/\"><img loading=\"lazy\" decoding=\"async\" src=\"http:\/\/www.corossol-graviola.com\/amby\/wp-content\/uploads\/2024\/07\/categ-piscine.jpg\" alt=\"Piscine\" width=\"300\" height=\"300\" \/>\t\t<h2 class=\"woocommerce-loop-category__title\">\n\t\t\tPiscine <mark class=\"count\">(1)<\/mark>\t\t<\/h2>\n\t\t<\/a><\/li>\n<li class=\"product-category product last\">\n\t<a aria-label=\"Acc\u00e9der \u00e0 la cat\u00e9gorie de produits R\u00e9sidence\" href=\"http:\/\/www.corossol-graviola.com\/amby\/categorie-produit\/residence\/\"><img loading=\"lazy\" decoding=\"async\" src=\"http:\/\/www.corossol-graviola.com\/amby\/wp-content\/uploads\/2024\/07\/categ-bungalow.jpg\" alt=\"R\u00e9sidence\" width=\"300\" height=\"300\" \/>\t\t<h2 class=\"woocommerce-loop-category__title\">\n\t\t\tR\u00e9sidence <mark class=\"count\">(2)<\/mark>\t\t<\/h2>\n\t\t<\/a><\/li>\n<\/ul>\n<\/div>[\/et_pb_text][\/et_pb_column][et_pb_column type=\u00a0\u00bb1_2&Prime; _builder_version=\u00a0\u00bb3.11&Prime; parallax=\u00a0\u00bboff\u00a0\u00bb parallax_method=\u00a0\u00bbon\u00a0\u00bb][et_pb_image _builder_version=\u00a0\u00bb3.11&Prime;][\/et_pb_image][et_pb_text _builder_version=\u00a0\u00bb3.11&Prime;][\/et_pb_text][et_pb_text _builder_version=\u00a0\u00bb3.11&Prime;]<\/p>\n<p><strong>Voir Prix<\/strong><\/p>\n<p>(La tenue d&rsquo;un compte client est en USD, vos paiements peuvent \u00eatre en MGA (ariary) ou toutes autres devises convertibles (USD EUR&#8230;.), pond\u00e9r\u00e9es au cours du jour de chaque paiement.<\/p>\n<table width=\"449\">\n<tbody>\n<tr>\n<td width=\"369\">Area Schedule \/ Superficies<\/td>\n<td width=\"80\">(m2)<\/td>\n<\/tr>\n<tr>\n<td>Total area \/ Surface totale<\/td>\n<td>85,00<\/td>\n<\/tr>\n<tr>\n<td>Living, Kitchen area \/ Salon et cuisine<\/td>\n<td>28,00<\/td>\n<\/tr>\n<tr>\n<td>Bedroom 1 \/ Salle \u00e0 coucher 1<\/td>\n<td>13,40<\/td>\n<\/tr>\n<tr>\n<td>Bedroom 2 \/ Salle \u00e0 coucher 2<\/td>\n<td>10,60<\/td>\n<\/tr>\n<tr>\n<td>Bedroom 3 \/ Salle \u00e0 coucher 3<\/td>\n<td>11,60<\/td>\n<\/tr>\n<tr>\n<td>Bedroom 4 \/ Salle \u00e0 coucher 4<\/td>\n<td>9,00<\/td>\n<\/tr>\n<tr>\n<td>Bathroom \/ Salle de bain<\/td>\n<td>4,00<\/td>\n<\/tr>\n<tr>\n<td>Terrace \/ Terrasse<\/td>\n<td>9,00<\/td>\n<\/tr>\n<tr>\n<td>Beach \/ Plage<\/td>\n<td>40,00<\/td>\n<\/tr>\n<\/tbody>\n<\/table>\n<p>[\/et_pb_text][\/et_pb_column][\/et_pb_row][et_pb_row _builder_version=\u00a0\u00bb3.11&Prime;][et_pb_column type=\u00a0\u00bb4_4&Prime; _builder_version=\u00a0\u00bb3.11&Prime; parallax=\u00a0\u00bboff\u00a0\u00bb parallax_method=\u00a0\u00bbon\u00a0\u00bb][et_pb_text _builder_version=\u00a0\u00bb3.11&Prime;][\/et_pb_text][et_pb_blog include_categories=\u00a0\u00bb54&Prime; show_content=\u00a0\u00bbon\u00a0\u00bb show_author=\u00a0\u00bboff\u00a0\u00bb show_date=\u00a0\u00bboff\u00a0\u00bb show_categories=\u00a0\u00bboff\u00a0\u00bb _builder_version=\u00a0\u00bb3.11&Prime;][\/et_pb_blog][\/et_pb_column][\/et_pb_row][\/et_pb_section]<\/p>\n","protected":false},"excerpt":{"rendered":"<p>[et_pb_section fb_built=\u00a0\u00bb1&Prime; _builder_version=\u00a0\u00bb3.11&Prime; background_image=\u00a0\u00bbhttp:\/\/www.corossol-graviola.com\/amby\/wp-content\/uploads\/2023\/11\/Borneo-slide-facade-sud.jpg\u00a0\u00bb background_blend=\u00a0\u00bbdarken\u00a0\u00bb custom_padding=\u00a0\u00bb0px|0px|0|0px|false|false\u00a0\u00bb][et_pb_row custom_padding=\u00a0\u00bb0|0px|0|0px|false|false\u00a0\u00bb _builder_version=\u00a0\u00bb3.11&Prime; background_color=\u00a0\u00bbrgba(41,244,163,0.45)\u00a0\u00bb][et_pb_column type=\u00a0\u00bb4_4&Prime; _builder_version=\u00a0\u00bb3.11&Prime; parallax=\u00a0\u00bboff\u00a0\u00bb parallax_method=\u00a0\u00bbon\u00a0\u00bb][et_pb_text _builder_version=\u00a0\u00bb3.11&Prime; header_font=\u00a0\u00bbAllura||||||||\u00a0\u00bb header_text_align=\u00a0\u00bbcenter\u00a0\u00bb header_text_color=\u00a0\u00bb#FFFFFF\u00a0\u00bb header_font_size=\u00a0\u00bb60px\u00a0\u00bb] Bungalow t\u00e9moin [\/et_pb_text][\/et_pb_column][\/et_pb_row][et_pb_row custom_padding=\u00a0\u00bb0|0px|0|0px|false|false\u00a0\u00bb custom_margin=\u00a0\u00bb800px|||\u00a0\u00bb _builder_version=\u00a0\u00bb3.11&Prime; background_color=\u00a0\u00bbrgba(5,5,5,0.45)\u00a0\u00bb][et_pb_column type=\u00a0\u00bb4_4&Prime; _builder_version=\u00a0\u00bb3.11&Prime; parallax=\u00a0\u00bboff\u00a0\u00bb parallax_method=\u00a0\u00bbon\u00a0\u00bb][et_pb_text _builder_version=\u00a0\u00bb3.11&Prime; header_font=\u00a0\u00bbAllura||||||||\u00a0\u00bb header_text_align=\u00a0\u00bbcenter\u00a0\u00bb header_text_color=\u00a0\u00bb#FFFFFF\u00a0\u00bb header_font_size=\u00a0\u00bb60px\u00a0\u00bb] Born\u00e9o R\u00e9sidence [\/et_pb_text][\/et_pb_column][\/et_pb_row][\/et_pb_section][et_pb_section fb_built=\u00a0\u00bb1&Prime; _builder_version=\u00a0\u00bb3.11&Prime; custom_padding=\u00a0\u00bb0|0px|0|0px|false|false\u00a0\u00bb][et_pb_row custom_width_px=\u00a0\u00bb1203px\u00a0\u00bb custom_padding=\u00a0\u00bb25.25px|0px|8px|0px|false|false\u00a0\u00bb _builder_version=\u00a0\u00bb3.11&Prime; module_alignment=\u00a0\u00bbcenter\u00a0\u00bb][et_pb_column type=\u00a0\u00bb1_2&Prime; _builder_version=\u00a0\u00bb3.11&Prime; parallax=\u00a0\u00bboff\u00a0\u00bb parallax_method=\u00a0\u00bbon\u00a0\u00bb][et_pb_image src=\u00a0\u00bbhttp:\/\/www.corossol-graviola.com\/amby\/wp-content\/uploads\/2023\/11\/Borneo-nord-ouest.jpg\u00a0\u00bb admin_label=\u00a0\u00bbVue au salon\u00a0\u00bb _builder_version=\u00a0\u00bb3.11&Prime; max_width=\u00a0\u00bb93%\u00a0\u00bb][\/et_pb_image][\/et_pb_column][et_pb_column type=\u00a0\u00bb1_2&Prime; [&hellip;]<\/p>\n","protected":false},"author":1,"featured_media":0,"parent":0,"menu_order":0,"comment_status":"closed","ping_status":"closed","template":"","meta":{"footnotes":""},"class_list":["post-266","page","type-page","status-publish","hentry"],"_links":{"self":[{"href":"http:\/\/www.corossol-graviola.com\/amby\/wp-json\/wp\/v2\/pages\/266","targetHints":{"allow":["GET"]}}],"collection":[{"href":"http:\/\/www.corossol-graviola.com\/amby\/wp-json\/wp\/v2\/pages"}],"about":[{"href":"http:\/\/www.corossol-graviola.com\/amby\/wp-json\/wp\/v2\/types\/page"}],"author":[{"embeddable":true,"href":"http:\/\/www.corossol-graviola.com\/amby\/wp-json\/wp\/v2\/users\/1"}],"replies":[{"embeddable":true,"href":"http:\/\/www.corossol-graviola.com\/amby\/wp-json\/wp\/v2\/comments?post=266"}],"version-history":[{"count":39,"href":"http:\/\/www.corossol-graviola.com\/amby\/wp-json\/wp\/v2\/pages\/266\/revisions"}],"predecessor-version":[{"id":2049,"href":"http:\/\/www.corossol-graviola.com\/amby\/wp-json\/wp\/v2\/pages\/266\/revisions\/2049"}],"wp:attachment":[{"href":"http:\/\/www.corossol-graviola.com\/amby\/wp-json\/wp\/v2\/media?parent=266"}],"curies":[{"name":"wp","href":"https:\/\/api.w.org\/{rel}","templated":true}]}}