{"id":251,"date":"2023-07-12T08:47:03","date_gmt":"2023-07-12T08:47:03","guid":{"rendered":"http:\/\/www.corossol-graviola.com\/amby\/?page_id=251"},"modified":"2024-07-09T12:57:24","modified_gmt":"2024-07-09T10:57:24","slug":"java","status":"publish","type":"page","link":"http:\/\/www.corossol-graviola.com\/amby\/java\/","title":{"rendered":"Java"},"content":{"rendered":"<p>[et_pb_section fb_built=\u00a0\u00bb1&Prime; _builder_version=\u00a0\u00bb3.11&Prime; background_image=\u00a0\u00bbhttp:\/\/www.corossol-graviola.com\/amby\/wp-content\/uploads\/2023\/07\/Java-01.png\u00a0\u00bb background_blend=\u00a0\u00bbdarken\u00a0\u00bb custom_padding=\u00a0\u00bb639px|0px|0|0px|false|false\u00a0\u00bb][et_pb_row custom_padding=\u00a0\u00bb0|0px|0|0px|false|false\u00a0\u00bb _builder_version=\u00a0\u00bb3.11&Prime; background_color=\u00a0\u00bbrgba(5,5,5,0.45)\u00a0\u00bb][et_pb_column type=\u00a0\u00bb4_4&Prime; _builder_version=\u00a0\u00bb3.11&Prime; parallax=\u00a0\u00bboff\u00a0\u00bb parallax_method=\u00a0\u00bbon\u00a0\u00bb][et_pb_text _builder_version=\u00a0\u00bb3.11&Prime; header_font=\u00a0\u00bbAllura||||||||\u00a0\u00bb header_text_align=\u00a0\u00bbcenter\u00a0\u00bb header_text_color=\u00a0\u00bb#FFFFFF\u00a0\u00bb header_font_size=\u00a0\u00bb60px\u00a0\u00bb]<\/p>\n<h1>Java R\u00e9sidence<\/h1>\n<p>[\/et_pb_text][\/et_pb_column][\/et_pb_row][\/et_pb_section][et_pb_section fb_built=\u00a0\u00bb1&Prime; _builder_version=\u00a0\u00bb3.11&Prime; custom_padding=\u00a0\u00bb0|0px|0|0px|false|false\u00a0\u00bb][et_pb_row custom_width_px=\u00a0\u00bb1203px\u00a0\u00bb custom_padding=\u00a0\u00bb25.25px|0px|8px|0px|false|false\u00a0\u00bb _builder_version=\u00a0\u00bb3.11&Prime; module_alignment=\u00a0\u00bbcenter\u00a0\u00bb][et_pb_column type=\u00a0\u00bb1_2&Prime; _builder_version=\u00a0\u00bb3.11&Prime; parallax=\u00a0\u00bboff\u00a0\u00bb parallax_method=\u00a0\u00bbon\u00a0\u00bb][et_pb_image src=\u00a0\u00bbhttp:\/\/www.corossol-graviola.com\/amby\/wp-content\/uploads\/2023\/07\/Java-02.png\u00a0\u00bb admin_label=\u00a0\u00bbVue au salon\u00a0\u00bb _builder_version=\u00a0\u00bb3.11&Prime; max_width=\u00a0\u00bb93%\u00a0\u00bb][\/et_pb_image][\/et_pb_column][et_pb_column type=\u00a0\u00bb1_2&Prime; _builder_version=\u00a0\u00bb3.11&Prime; parallax=\u00a0\u00bboff\u00a0\u00bb parallax_method=\u00a0\u00bbon\u00a0\u00bb][et_pb_text _builder_version=\u00a0\u00bb3.11&Prime; text_font=\u00a0\u00bb||||||||\u00a0\u00bb header_font=\u00a0\u00bb||||||||\u00a0\u00bb header_font_size=\u00a0\u00bb58px\u00a0\u00bb header_6_font=\u00a0\u00bb||||||||\u00a0\u00bb]<strong>Java R\u00e9sidence<\/strong>[\/et_pb_text][et_pb_text _builder_version=\u00a0\u00bb3.11&Prime; text_font=\u00a0\u00bb||||||||\u00a0\u00bb link_font=\u00a0\u00bb||||||||\u00a0\u00bb ul_font=\u00a0\u00bb||||||||\u00a0\u00bb ol_font=\u00a0\u00bb||||||||\u00a0\u00bb quote_font=\u00a0\u00bb||||||||\u00a0\u00bb header_font=\u00a0\u00bb||||||||\u00a0\u00bb header_2_font=\u00a0\u00bb||||||||\u00a0\u00bb header_3_font=\u00a0\u00bb||||||||\u00a0\u00bb header_4_font=\u00a0\u00bb||||||||\u00a0\u00bb header_5_font=\u00a0\u00bb||||||||\u00a0\u00bb header_6_font=\u00a0\u00bb||||||||\u00a0\u00bb]Java R\u00e9sidence est une architecture de bungalow contemporain qui allie long\u00e9vit\u00e9, convivialit\u00e9 et simplicit\u00e9.<\/p>\n<p>Les piliers et les poutres ont une structure\u00a0 en b\u00e9ton arm\u00e9 et envelopp\u00e9 des bois nature \u00e9tuv\u00e9 , le bungalow est \u00e9tudi\u00e9 et am\u00e9nag\u00e9 pour profiter d&rsquo;un environnement nature, qui allie d\u00e9tente, puret\u00e9 et sobri\u00e9t\u00e9.<\/p>\n<p>Adapt\u00e9 au climat local , dot\u00e9s de caract\u00e9ristiques telles que de larges baies vitr\u00e9es sur la fa\u00e7ade principale, des toits en pente pour permettre l&rsquo;\u00e9coulement des eaux de pluie, et des mat\u00e9riaux de construction r\u00e9sistants aux intemp\u00e9ries tropicales.[\/et_pb_text][\/et_pb_column][\/et_pb_row][et_pb_row _builder_version=\u00a0\u00bb3.11&Prime;][et_pb_column type=\u00a0\u00bb4_4&Prime; _builder_version=\u00a0\u00bb3.11&Prime; parallax=\u00a0\u00bboff\u00a0\u00bb parallax_method=\u00a0\u00bbon\u00a0\u00bb][et_pb_text _builder_version=\u00a0\u00bb3.11&Prime;]La structure principale de ce bungalow est enti\u00e8rement en b\u00e9ton et est recouvert de bois naturel de Madagascar.<br \/>\nUne large baie vitr\u00e9e sur la fa\u00e7ade principale.<br \/>\n130 m2 de surface pour le rez-de-chauss\u00e9e dont 20 m2 de v\u00e9randa.[\/et_pb_text][\/et_pb_column][\/et_pb_row][\/et_pb_section][et_pb_section fb_built=\u00a0\u00bb1&Prime; admin_label=\u00a0\u00bbVue au salon\u00a0\u00bb _builder_version=\u00a0\u00bb3.11&Prime; custom_padding=\u00a0\u00bb2px|0px|0|0px|false|false\u00a0\u00bb][et_pb_row custom_padding=\u00a0\u00bb2px|0px|0|0px|false|false\u00a0\u00bb _builder_version=\u00a0\u00bb3.11&Prime;][et_pb_column type=\u00a0\u00bb1_2&Prime; _builder_version=\u00a0\u00bb3.11&Prime; parallax=\u00a0\u00bboff\u00a0\u00bb parallax_method=\u00a0\u00bbon\u00a0\u00bb][et_pb_image src=\u00a0\u00bbhttp:\/\/www.corossol-graviola.com\/amby\/wp-content\/uploads\/2023\/07\/Java-View-0.png\u00a0\u00bb _builder_version=\u00a0\u00bb3.11&Prime;][\/et_pb_image][et_pb_text _builder_version=\u00a0\u00bb3.11&Prime;]<\/p>\n<p style=\"text-align: center;\"><strong>Veranda &#8211; Vue de l&rsquo;ext\u00e9rieure face principale<\/strong><\/p>\n<p>[\/et_pb_text][\/et_pb_column][et_pb_column type=\u00a0\u00bb1_2&Prime; _builder_version=\u00a0\u00bb3.11&Prime; parallax=\u00a0\u00bboff\u00a0\u00bb parallax_method=\u00a0\u00bbon\u00a0\u00bb][et_pb_image src=\u00a0\u00bbhttp:\/\/www.corossol-graviola.com\/amby\/wp-content\/uploads\/2023\/07\/Java-View-0_6.png\u00a0\u00bb _builder_version=\u00a0\u00bb3.11&Prime;][\/et_pb_image][et_pb_text _builder_version=\u00a0\u00bb3.11&Prime;]<\/p>\n<p style=\"text-align: center;\"><strong>Vue espace lit<\/strong><\/p>\n<p>[\/et_pb_text][\/et_pb_column][\/et_pb_row][\/et_pb_section][et_pb_section fb_built=\u00a0\u00bb1&Prime; admin_label=\u00a0\u00bbVue au salon\u00a0\u00bb _builder_version=\u00a0\u00bb3.11&Prime; custom_padding=\u00a0\u00bb2px|0px|0|0px|false|false\u00a0\u00bb][et_pb_row custom_padding=\u00a0\u00bb2px|0px|0|0px|false|false\u00a0\u00bb _builder_version=\u00a0\u00bb3.11&Prime;][et_pb_column type=\u00a0\u00bb1_2&Prime; _builder_version=\u00a0\u00bb3.11&Prime; parallax=\u00a0\u00bboff\u00a0\u00bb parallax_method=\u00a0\u00bbon\u00a0\u00bb][et_pb_image src=\u00a0\u00bbhttp:\/\/www.corossol-graviola.com\/amby\/wp-content\/uploads\/2023\/07\/Java-View-0_3.png\u00a0\u00bb _builder_version=\u00a0\u00bb3.11&Prime;][\/et_pb_image][et_pb_text _builder_version=\u00a0\u00bb3.11&Prime;]<\/p>\n<p style=\"text-align: center;\"><strong>Vue post\u00e9rieure<\/strong><\/p>\n<p>[\/et_pb_text][\/et_pb_column][et_pb_column type=\u00a0\u00bb1_2&Prime; _builder_version=\u00a0\u00bb3.11&Prime; parallax=\u00a0\u00bboff\u00a0\u00bb parallax_method=\u00a0\u00bbon\u00a0\u00bb][et_pb_image src=\u00a0\u00bbhttp:\/\/www.corossol-graviola.com\/amby\/wp-content\/uploads\/2023\/07\/Java-plan-client.png\u00a0\u00bb _builder_version=\u00a0\u00bb3.11&Prime;][\/et_pb_image][et_pb_text _builder_version=\u00a0\u00bb3.11&Prime;]<\/p>\n<p style=\"text-align: center;\"><strong>Vue du haut<\/strong><\/p>\n<p>[\/et_pb_text][\/et_pb_column][\/et_pb_row][et_pb_row custom_padding=\u00a0\u00bb2px|0px|0|0px|false|false\u00a0\u00bb _builder_version=\u00a0\u00bb3.11&Prime;][et_pb_column type=\u00a0\u00bb1_2&Prime; _builder_version=\u00a0\u00bb3.11&Prime; parallax=\u00a0\u00bboff\u00a0\u00bb parallax_method=\u00a0\u00bbon\u00a0\u00bb][et_pb_image src=\u00a0\u00bbhttp:\/\/www.corossol-graviola.com\/amby\/wp-content\/uploads\/2023\/07\/Java-View-0_5.png\u00a0\u00bb _builder_version=\u00a0\u00bb3.11&Prime;][\/et_pb_image][et_pb_text _builder_version=\u00a0\u00bb3.11&Prime;]<\/p>\n<p style=\"text-align: center;\"><strong>\u00a0Vue salle d&rsquo;eau<\/strong><\/p>\n<p>[\/et_pb_text][\/et_pb_column][et_pb_column type=\u00a0\u00bb1_2&Prime; _builder_version=\u00a0\u00bb3.11&Prime; parallax=\u00a0\u00bboff\u00a0\u00bb parallax_method=\u00a0\u00bbon\u00a0\u00bb][et_pb_image src=\u00a0\u00bbhttp:\/\/www.corossol-graviola.com\/amby\/wp-content\/uploads\/2023\/07\/Java-View-0_10.png\u00a0\u00bb _builder_version=\u00a0\u00bb3.11&Prime;][\/et_pb_image][et_pb_text _builder_version=\u00a0\u00bb3.11&Prime;]<\/p>\n<p style=\"text-align: center;\"><strong>Vue salle d&rsquo;eau<\/strong><\/p>\n<p>[\/et_pb_text][\/et_pb_column][\/et_pb_row][\/et_pb_section][et_pb_section fb_built=\u00a0\u00bb1&Prime; admin_label=\u00a0\u00bbVue au salon\u00a0\u00bb _builder_version=\u00a0\u00bb3.11&Prime; custom_padding=\u00a0\u00bb2px|0px|0|0px|false|false\u00a0\u00bb][et_pb_row custom_padding=\u00a0\u00bb2px|0px|0|0px|false|false\u00a0\u00bb _builder_version=\u00a0\u00bb3.11&Prime;][et_pb_column type=\u00a0\u00bb1_2&Prime; _builder_version=\u00a0\u00bb3.11&Prime; parallax=\u00a0\u00bboff\u00a0\u00bb parallax_method=\u00a0\u00bbon\u00a0\u00bb][et_pb_image src=\u00a0\u00bbhttp:\/\/www.corossol-graviola.com\/amby\/wp-content\/uploads\/2023\/07\/Java-View-0_8.png\u00a0\u00bb _builder_version=\u00a0\u00bb3.11&Prime;][\/et_pb_image][et_pb_text _builder_version=\u00a0\u00bb3.11&Prime;]<\/p>\n<p style=\"text-align: center;\"><strong>Coin salle \u00e0 manger<\/strong><\/p>\n<p>[\/et_pb_text][\/et_pb_column][et_pb_column type=\u00a0\u00bb1_2&Prime; _builder_version=\u00a0\u00bb3.11&Prime; parallax=\u00a0\u00bboff\u00a0\u00bb parallax_method=\u00a0\u00bbon\u00a0\u00bb][et_pb_image src=\u00a0\u00bbhttp:\/\/www.corossol-graviola.com\/amby\/wp-content\/uploads\/2023\/07\/Java-View-0_7.png\u00a0\u00bb _builder_version=\u00a0\u00bb3.11&Prime;][\/et_pb_image][et_pb_text _builder_version=\u00a0\u00bb3.11&Prime;]<\/p>\n<p style=\"text-align: center;\"><strong>Vue salle d&rsquo;eau et salle \u00e0 manger<\/strong><\/p>\n<p>[\/et_pb_text][\/et_pb_column][\/et_pb_row][\/et_pb_section][et_pb_section fb_built=\u00a0\u00bb1&Prime; admin_label=\u00a0\u00bbVue au salon\u00a0\u00bb _builder_version=\u00a0\u00bb3.11&Prime; custom_padding=\u00a0\u00bb2px|0px|0|0px|false|false\u00a0\u00bb][et_pb_row custom_padding=\u00a0\u00bb2px|0px|0|0px|false|false\u00a0\u00bb _builder_version=\u00a0\u00bb3.11&Prime;][et_pb_column type=\u00a0\u00bb1_2&Prime; _builder_version=\u00a0\u00bb3.11&Prime; parallax=\u00a0\u00bboff\u00a0\u00bb parallax_method=\u00a0\u00bbon\u00a0\u00bb][et_pb_image _builder_version=\u00a0\u00bb3.11&Prime;][\/et_pb_image][et_pb_text _builder_version=\u00a0\u00bb3.11&Prime;]<\/p>\n<p style=\"text-align: center;\"><strong>Options en sus:<\/strong><\/p>\n<p style=\"text-align: center;\">Lot terrain au choix, piscine, plage, chalet, douche ext\u00e9rieure, coin barbecue, terrasse, jardin et am\u00e9nagement ext\u00e9rieurs&#8230;<div class=\"woocommerce columns-4\"><ul class=\"products columns-4\">\n<li class=\"product-category product first\">\n\t<a aria-label=\"Acc\u00e9der \u00e0 la cat\u00e9gorie de produits All\u00e9e\" href=\"http:\/\/www.corossol-graviola.com\/amby\/categorie-produit\/allee\/\"><img loading=\"lazy\" decoding=\"async\" src=\"http:\/\/www.corossol-graviola.com\/amby\/wp-content\/uploads\/2024\/07\/categ-allee.jpg\" alt=\"All\u00e9e\" width=\"300\" height=\"300\" \/>\t\t<h2 class=\"woocommerce-loop-category__title\">\n\t\t\tAll\u00e9e <mark class=\"count\">(5)<\/mark>\t\t<\/h2>\n\t\t<\/a><\/li>\n<li class=\"product-category product\">\n\t<a aria-label=\"Acc\u00e9der \u00e0 la cat\u00e9gorie de produits Choix du terrain\" href=\"http:\/\/www.corossol-graviola.com\/amby\/categorie-produit\/terrain\/\"><img loading=\"lazy\" decoding=\"async\" src=\"http:\/\/www.corossol-graviola.com\/amby\/wp-content\/uploads\/2024\/07\/categ-terrain.jpg\" alt=\"Choix du terrain\" width=\"300\" height=\"300\" \/>\t\t<h2 class=\"woocommerce-loop-category__title\">\n\t\t\tChoix du terrain <mark class=\"count\">(20)<\/mark>\t\t<\/h2>\n\t\t<\/a><\/li>\n<li class=\"product-category product\">\n\t<a aria-label=\"Acc\u00e9der \u00e0 la cat\u00e9gorie de produits Coin barbecue\" href=\"http:\/\/www.corossol-graviola.com\/amby\/categorie-produit\/barbecue\/\"><img loading=\"lazy\" decoding=\"async\" src=\"http:\/\/www.corossol-graviola.com\/amby\/wp-content\/uploads\/2024\/07\/categ-barbecue.jpg\" alt=\"Coin barbecue\" width=\"300\" height=\"300\" \/>\t\t<h2 class=\"woocommerce-loop-category__title\">\n\t\t\tCoin barbecue <mark class=\"count\">(5)<\/mark>\t\t<\/h2>\n\t\t<\/a><\/li>\n<li class=\"product-category product last\">\n\t<a aria-label=\"Acc\u00e9der \u00e0 la cat\u00e9gorie de produits Cuisine ext\u00e9rieure\" href=\"http:\/\/www.corossol-graviola.com\/amby\/categorie-produit\/cuisine\/\"><img loading=\"lazy\" decoding=\"async\" src=\"http:\/\/www.corossol-graviola.com\/amby\/wp-content\/uploads\/2024\/07\/categ-chalet.jpg\" alt=\"Cuisine ext\u00e9rieure\" width=\"300\" height=\"300\" \/>\t\t<h2 class=\"woocommerce-loop-category__title\">\n\t\t\tCuisine ext\u00e9rieure <mark class=\"count\">(7)<\/mark>\t\t<\/h2>\n\t\t<\/a><\/li>\n<li class=\"product-category product first\">\n\t<a aria-label=\"Acc\u00e9der \u00e0 la cat\u00e9gorie de produits Douche ext\u00e9rieure\" href=\"http:\/\/www.corossol-graviola.com\/amby\/categorie-produit\/douche-2\/\"><img loading=\"lazy\" decoding=\"async\" src=\"http:\/\/www.corossol-graviola.com\/amby\/wp-content\/uploads\/2024\/07\/categ-douche.jpg\" alt=\"Douche ext\u00e9rieure\" width=\"300\" height=\"300\" \/>\t\t<h2 class=\"woocommerce-loop-category__title\">\n\t\t\tDouche ext\u00e9rieure <mark class=\"count\">(5)<\/mark>\t\t<\/h2>\n\t\t<\/a><\/li>\n<li class=\"product-category product\">\n\t<a aria-label=\"Acc\u00e9der \u00e0 la cat\u00e9gorie de produits Patio\" href=\"http:\/\/www.corossol-graviola.com\/amby\/categorie-produit\/patio\/\"><img loading=\"lazy\" decoding=\"async\" src=\"http:\/\/www.corossol-graviola.com\/amby\/wp-content\/uploads\/2024\/07\/categ-patio.jpg\" alt=\"Patio\" width=\"300\" height=\"300\" \/>\t\t<h2 class=\"woocommerce-loop-category__title\">\n\t\t\tPatio <mark class=\"count\">(6)<\/mark>\t\t<\/h2>\n\t\t<\/a><\/li>\n<li class=\"product-category product\">\n\t<a aria-label=\"Acc\u00e9der \u00e0 la cat\u00e9gorie de produits Piscine\" href=\"http:\/\/www.corossol-graviola.com\/amby\/categorie-produit\/piscine\/\"><img loading=\"lazy\" decoding=\"async\" src=\"http:\/\/www.corossol-graviola.com\/amby\/wp-content\/uploads\/2024\/07\/categ-piscine.jpg\" alt=\"Piscine\" width=\"300\" height=\"300\" \/>\t\t<h2 class=\"woocommerce-loop-category__title\">\n\t\t\tPiscine <mark class=\"count\">(1)<\/mark>\t\t<\/h2>\n\t\t<\/a><\/li>\n<li class=\"product-category product last\">\n\t<a aria-label=\"Acc\u00e9der \u00e0 la cat\u00e9gorie de produits R\u00e9sidence\" href=\"http:\/\/www.corossol-graviola.com\/amby\/categorie-produit\/residence\/\"><img loading=\"lazy\" decoding=\"async\" src=\"http:\/\/www.corossol-graviola.com\/amby\/wp-content\/uploads\/2024\/07\/categ-bungalow.jpg\" alt=\"R\u00e9sidence\" width=\"300\" height=\"300\" \/>\t\t<h2 class=\"woocommerce-loop-category__title\">\n\t\t\tR\u00e9sidence <mark class=\"count\">(2)<\/mark>\t\t<\/h2>\n\t\t<\/a><\/li>\n<\/ul>\n<\/div><\/p>\n<p>[\/et_pb_text][\/et_pb_column][et_pb_column type=\u00a0\u00bb1_2&Prime; _builder_version=\u00a0\u00bb3.11&Prime; parallax=\u00a0\u00bboff\u00a0\u00bb parallax_method=\u00a0\u00bbon\u00a0\u00bb][et_pb_image _builder_version=\u00a0\u00bb3.11&Prime;][\/et_pb_image][et_pb_text _builder_version=\u00a0\u00bb3.11&Prime;][\/et_pb_text][et_pb_text _builder_version=\u00a0\u00bb3.11&Prime;]<strong>Prix : 85.000 USD<\/strong><\/p>\n<p>(La tenue d&rsquo;un compte client est en USD, vos paiements peuvent \u00eatre en MGA (ariary) ou toutes autres devises convertibles (USD EUR&#8230;.), pond\u00e9r\u00e9es au cours du jour de chaque paiement.<\/p>\n<table width=\"449\">\n<tbody>\n<tr>\n<td width=\"369\">Area Schedule \/ Superficies<\/td>\n<td width=\"80\">(m2)<\/td>\n<\/tr>\n<tr>\n<td>Total area \/ Surface totale<\/td>\n<td>131,20<\/td>\n<\/tr>\n<tr>\n<td>Ground floor area \/ Pi\u00e8ce principale<\/td>\n<td>83,20<\/td>\n<\/tr>\n<tr>\n<td>Dining area \/ Salle \u00e0 manger<\/td>\n<td>21,20<\/td>\n<\/tr>\n<tr>\n<td>Kitchen \/ Cuisine<\/td>\n<td>9,70<\/td>\n<\/tr>\n<tr>\n<td>Jacuzzi \/ Jacuzzi<\/td>\n<td>19,20<\/td>\n<\/tr>\n<tr>\n<td>Bathroom \/ Salle de bain<\/td>\n<td>5,00<\/td>\n<\/tr>\n<tr>\n<td>Terrace \/ Terrasse<\/td>\n<td>26,00<\/td>\n<\/tr>\n<\/tbody>\n<\/table>\n<p>[\/et_pb_text][\/et_pb_column][\/et_pb_row][et_pb_row _builder_version=\u00a0\u00bb3.11&Prime;][et_pb_column type=\u00a0\u00bb4_4&Prime; _builder_version=\u00a0\u00bb3.11&Prime; parallax=\u00a0\u00bboff\u00a0\u00bb parallax_method=\u00a0\u00bbon\u00a0\u00bb][et_pb_text _builder_version=\u00a0\u00bb3.11&Prime;][\/et_pb_text][et_pb_blog include_categories=\u00a0\u00bb54&Prime; show_content=\u00a0\u00bbon\u00a0\u00bb show_author=\u00a0\u00bboff\u00a0\u00bb show_date=\u00a0\u00bboff\u00a0\u00bb show_categories=\u00a0\u00bboff\u00a0\u00bb _builder_version=\u00a0\u00bb3.11&Prime;][\/et_pb_blog][\/et_pb_column][\/et_pb_row][\/et_pb_section]<\/p>\n","protected":false},"excerpt":{"rendered":"<p>[et_pb_section fb_built=\u00a0\u00bb1&Prime; _builder_version=\u00a0\u00bb3.11&Prime; background_image=\u00a0\u00bbhttp:\/\/www.corossol-graviola.com\/amby\/wp-content\/uploads\/2023\/07\/Java-01.png\u00a0\u00bb background_blend=\u00a0\u00bbdarken\u00a0\u00bb custom_padding=\u00a0\u00bb639px|0px|0|0px|false|false\u00a0\u00bb][et_pb_row custom_padding=\u00a0\u00bb0|0px|0|0px|false|false\u00a0\u00bb _builder_version=\u00a0\u00bb3.11&Prime; background_color=\u00a0\u00bbrgba(5,5,5,0.45)\u00a0\u00bb][et_pb_column type=\u00a0\u00bb4_4&Prime; _builder_version=\u00a0\u00bb3.11&Prime; parallax=\u00a0\u00bboff\u00a0\u00bb parallax_method=\u00a0\u00bbon\u00a0\u00bb][et_pb_text _builder_version=\u00a0\u00bb3.11&Prime; header_font=\u00a0\u00bbAllura||||||||\u00a0\u00bb header_text_align=\u00a0\u00bbcenter\u00a0\u00bb header_text_color=\u00a0\u00bb#FFFFFF\u00a0\u00bb header_font_size=\u00a0\u00bb60px\u00a0\u00bb] Java R\u00e9sidence [\/et_pb_text][\/et_pb_column][\/et_pb_row][\/et_pb_section][et_pb_section fb_built=\u00a0\u00bb1&Prime; _builder_version=\u00a0\u00bb3.11&Prime; custom_padding=\u00a0\u00bb0|0px|0|0px|false|false\u00a0\u00bb][et_pb_row custom_width_px=\u00a0\u00bb1203px\u00a0\u00bb custom_padding=\u00a0\u00bb25.25px|0px|8px|0px|false|false\u00a0\u00bb _builder_version=\u00a0\u00bb3.11&Prime; module_alignment=\u00a0\u00bbcenter\u00a0\u00bb][et_pb_column type=\u00a0\u00bb1_2&Prime; _builder_version=\u00a0\u00bb3.11&Prime; parallax=\u00a0\u00bboff\u00a0\u00bb parallax_method=\u00a0\u00bbon\u00a0\u00bb][et_pb_image src=\u00a0\u00bbhttp:\/\/www.corossol-graviola.com\/amby\/wp-content\/uploads\/2023\/07\/Java-02.png\u00a0\u00bb admin_label=\u00a0\u00bbVue au salon\u00a0\u00bb _builder_version=\u00a0\u00bb3.11&Prime; max_width=\u00a0\u00bb93%\u00a0\u00bb][\/et_pb_image][\/et_pb_column][et_pb_column type=\u00a0\u00bb1_2&Prime; _builder_version=\u00a0\u00bb3.11&Prime; parallax=\u00a0\u00bboff\u00a0\u00bb parallax_method=\u00a0\u00bbon\u00a0\u00bb][et_pb_text _builder_version=\u00a0\u00bb3.11&Prime; text_font=\u00a0\u00bb||||||||\u00a0\u00bb header_font=\u00a0\u00bb||||||||\u00a0\u00bb header_font_size=\u00a0\u00bb58px\u00a0\u00bb header_6_font=\u00a0\u00bb||||||||\u00a0\u00bb]Java R\u00e9sidence[\/et_pb_text][et_pb_text _builder_version=\u00a0\u00bb3.11&Prime; text_font=\u00a0\u00bb||||||||\u00a0\u00bb link_font=\u00a0\u00bb||||||||\u00a0\u00bb ul_font=\u00a0\u00bb||||||||\u00a0\u00bb ol_font=\u00a0\u00bb||||||||\u00a0\u00bb quote_font=\u00a0\u00bb||||||||\u00a0\u00bb header_font=\u00a0\u00bb||||||||\u00a0\u00bb [&hellip;]<\/p>\n","protected":false},"author":1,"featured_media":0,"parent":0,"menu_order":0,"comment_status":"closed","ping_status":"closed","template":"","meta":{"footnotes":""},"class_list":["post-251","page","type-page","status-publish","hentry"],"_links":{"self":[{"href":"http:\/\/www.corossol-graviola.com\/amby\/wp-json\/wp\/v2\/pages\/251","targetHints":{"allow":["GET"]}}],"collection":[{"href":"http:\/\/www.corossol-graviola.com\/amby\/wp-json\/wp\/v2\/pages"}],"about":[{"href":"http:\/\/www.corossol-graviola.com\/amby\/wp-json\/wp\/v2\/types\/page"}],"author":[{"embeddable":true,"href":"http:\/\/www.corossol-graviola.com\/amby\/wp-json\/wp\/v2\/users\/1"}],"replies":[{"embeddable":true,"href":"http:\/\/www.corossol-graviola.com\/amby\/wp-json\/wp\/v2\/comments?post=251"}],"version-history":[{"count":20,"href":"http:\/\/www.corossol-graviola.com\/amby\/wp-json\/wp\/v2\/pages\/251\/revisions"}],"predecessor-version":[{"id":1599,"href":"http:\/\/www.corossol-graviola.com\/amby\/wp-json\/wp\/v2\/pages\/251\/revisions\/1599"}],"wp:attachment":[{"href":"http:\/\/www.corossol-graviola.com\/amby\/wp-json\/wp\/v2\/media?parent=251"}],"curies":[{"name":"wp","href":"https:\/\/api.w.org\/{rel}","templated":true}]}}